{"id":1732,"date":"2026-02-09T20:10:48","date_gmt":"2026-02-09T22:40:48","guid":{"rendered":"https:\/\/adq.com.co\/?page_id=1732"},"modified":"2026-02-10T13:57:55","modified_gmt":"2026-02-10T16:27:55","slug":"materias-primas-para-el-sector-construccion-dupli","status":"publish","type":"page","link":"https:\/\/adq.com.co\/en\/materias-primas-para-el-sector-construccion-dupli\/","title":{"rendered":"Circuitos y motores"},"content":{"rendered":"<div class=\"wp-block-stackable-columns stk-block-columns stk-block stk-c360c33\" data-block-id=\"c360c33\"><div class=\"stk-row stk-inner-blocks stk-block-content stk-content-align stk-c360c33-column\">\n<div class=\"wp-block-stackable-column stk-block-column stk-column stk-block stk-90749c2\" data-v=\"4\" data-block-id=\"90749c2\"><style>@media screen and (min-width:690px){.stk-90749c2 {flex:var(--stk-flex-grow, 1) 1 calc(38.4% - var(--stk-column-gap, 0px) * 1 \/ 2 ) !important;}}<\/style><div class=\"stk-column-wrapper stk-block-column__content stk-container stk-90749c2-container stk--no-background stk--no-padding\"><div class=\"stk-block-content stk-inner-blocks stk-90749c2-inner-blocks\">\n<figure class=\"wp-block-image size-full is-resized\"><img loading=\"lazy\" decoding=\"async\" width=\"569\" height=\"465\" src=\"https:\/\/adq.com.co\/wp-content\/uploads\/2026\/02\/image-3.png\" alt=\"\" class=\"wp-image-1742\" style=\"aspect-ratio:1.2236485522749965;width:250px;height:auto\" srcset=\"https:\/\/adq.com.co\/wp-content\/uploads\/2026\/02\/image-3.png 569w, https:\/\/adq.com.co\/wp-content\/uploads\/2026\/02\/image-3-300x245.png 300w, https:\/\/adq.com.co\/wp-content\/uploads\/2026\/02\/image-3-15x12.png 15w\" sizes=\"auto, (max-width: 569px) 100vw, 569px\" \/><\/figure>\n<\/div><\/div><\/div>\n\n\n\n<div class=\"wp-block-stackable-column stk-block-column stk-column stk-block stk-a9225e4\" data-v=\"4\" data-block-id=\"a9225e4\"><style>@media screen and (min-width:690px){.stk-a9225e4 {flex:var(--stk-flex-grow, 1) 1 calc(61.6% - var(--stk-column-gap, 0px) * 1 \/ 2 ) !important;}}<\/style><div class=\"stk-column-wrapper stk-block-column__content stk-container stk-a9225e4-container stk--no-background stk--no-padding\"><div class=\"stk-block-content stk-inner-blocks stk-a9225e4-inner-blocks\">\n<div class=\"wp-block-stackable-heading stk-block-heading stk-block-heading--v2 stk-block stk-c913a13\" id=\"productos-y-materias-primas-para-circuitos-y-motores\" data-block-id=\"c913a13\"><style>.stk-c913a13 {margin-bottom:10px !important;}.stk-c913a13 .stk-block-heading__text{font-size:25px !important;}@media screen and (max-width:999px){.stk-c913a13 .stk-block-heading__text{font-size:25px !important;}}<\/style><h2 class=\"stk-block-heading__text has-text-align-center\">Productos y materias primas para circuitos y motores<\/h2><\/div>\n\n\n\n<div class=\"wp-block-stackable-text stk-block-text stk-block stk-19af47b\" data-block-id=\"19af47b\"><p class=\"stk-block-text__text has-text-align-justify\">En Adq combinamos productos de alto desempe\u00f1o, soporte t\u00e9cnico especializado y suministro confiable, convirti\u00e9ndonos en un aliado estrat\u00e9gico para fabricantes y proyectos del sector el\u00e9ctrico e industrial<\/p><\/div>\n<\/div><\/div><\/div>\n<\/div><\/div>\n\n\n\n<div class=\"wp-block-stackable-columns stk-block-columns stk-block stk-f80beb4\" data-block-id=\"f80beb4\"><div class=\"stk-row stk-inner-blocks stk-block-content stk-content-align stk-f80beb4-column\">\n<div class=\"wp-block-stackable-column stk-block-column stk-column stk-block stk-90376c1\" data-v=\"4\" data-block-id=\"90376c1\"><div class=\"stk-column-wrapper stk-block-column__content stk-container stk-90376c1-container stk--no-background stk--no-padding\"><div class=\"stk-block-content stk-inner-blocks stk-90376c1-inner-blocks\">\n<div class=\"wp-block-stackable-columns stk-block-columns stk-block stk-9a8ac9a\" data-block-id=\"9a8ac9a\"><div class=\"stk-row stk-inner-blocks stk-block-content stk-content-align stk-9a8ac9a-column\">\n<div class=\"wp-block-stackable-column stk-block-column stk-column stk-block stk-ab7e23a\" data-v=\"4\" data-block-id=\"ab7e23a\"><div class=\"stk-column-wrapper stk-block-column__content stk-container stk-ab7e23a-container stk--no-background stk--no-padding\"><div class=\"has-text-align-center stk-block-content stk-inner-blocks stk-ab7e23a-inner-blocks\">\n<div class=\"wp-block-stackable-text stk-block-text stk-block stk-48af7dc\" data-block-id=\"48af7dc\"><style>.stk-48af7dc {margin-bottom:5px !important;}<\/style><p class=\"stk-block-text__text has-text-align-justify\"><strong>Productos para impregnaci\u00f3n de bobinas<\/strong>, que aseguran una \u00f3ptima penetraci\u00f3n y fijaci\u00f3n de los devanados, mejorando la vida \u00fatil de motores y transformadores.<\/p><\/div>\n\n\n\n<div class=\"wp-block-stackable-text stk-block-text stk-block stk-6e0b46a\" data-block-id=\"6e0b46a\"><style>.stk-6e0b46a {margin-bottom:5px !important;}<\/style><p class=\"stk-block-text__text has-text-align-justify\"><strong>Sistemas ep\u00f3xicos para encapsulado<\/strong>, ideales para la protecci\u00f3n de componentes el\u00e9ctricos y electr\u00f3nicos frente a condiciones exigentes de operaci\u00f3n.<\/p><\/div>\n\n\n\n<div class=\"wp-block-stackable-text stk-block-text stk-block stk-b73e595\" data-block-id=\"b73e595\"><style>.stk-b73e595 {margin-bottom:5px !important;}<\/style><p class=\"stk-block-text__text has-text-align-justify\"><strong>Resinas de acabado<\/strong>, que aportan protecci\u00f3n superficial, estabilidad mec\u00e1nica y aislamiento el\u00e9ctrico confiable.<\/p><\/div>\n\n\n\n<div class=\"wp-block-stackable-text stk-block-text stk-block stk-23488f3\" data-block-id=\"23488f3\"><style>.stk-23488f3 {margin-bottom:5px !important;}<\/style><p class=\"stk-block-text__text has-text-align-justify\"><strong>Barnices para preformados y distribuci\u00f3n el\u00e9ctrica<\/strong>, dise\u00f1ados para aplicaciones en sistemas el\u00e9ctricos, brindando resistencia diel\u00e9ctrica y estabilidad t\u00e9rmica.<\/p><\/div>\n\n\n\n<div class=\"wp-block-stackable-text stk-block-text stk-block stk-de30fab\" data-block-id=\"de30fab\"><style>.stk-de30fab {margin-bottom:5px !important;}<\/style><p class=\"stk-block-text__text has-text-align-justify\"><strong>Plastificantes<\/strong>, que optimizan la flexibilidad, procesabilidad y desempe\u00f1o final de las formulaciones<\/p><\/div>\n<\/div><\/div><\/div>\n<\/div><\/div>\n<\/div><\/div><\/div>\n<\/div><\/div>","protected":false},"excerpt":{"rendered":"<p>Productos y materias primas para circuitos y motores En Adq combinamos productos de alto desempe\u00f1o, soporte t\u00e9cnico especializado y suministro confiable, convirti\u00e9ndonos en un aliado estrat\u00e9gico para fabricantes y proyectos del sector el\u00e9ctrico e industrial Productos para impregnaci\u00f3n de bobinas, que aseguran una \u00f3ptima penetraci\u00f3n y fijaci\u00f3n de los devanados, mejorando la vida \u00fatil de [&hellip;]<\/p>\n","protected":false},"author":1,"featured_media":0,"parent":0,"menu_order":0,"comment_status":"closed","ping_status":"closed","template":"","meta":{"_coblocks_attr":"","_coblocks_dimensions":"","_coblocks_responsive_height":"","_coblocks_accordion_ie_support":"","_joinchat":[],"footnotes":""},"class_list":["post-1732","page","type-page","status-publish","hentry"],"blocksy_meta":[],"yoast_head":"<!-- This site is optimized with the Yoast SEO plugin v27.6 - https:\/\/yoast.com\/product\/yoast-seo-wordpress\/ -->\n<title>Circuitos y motores - Adq<\/title>\n<meta name=\"robots\" content=\"index, follow, max-snippet:-1, max-image-preview:large, max-video-preview:-1\" \/>\n<link rel=\"canonical\" href=\"https:\/\/adq.com.co\/en\/materias-primas-para-el-sector-construccion-dupli\/\" \/>\n<meta property=\"og:locale\" content=\"en_US\" \/>\n<meta property=\"og:type\" content=\"article\" \/>\n<meta property=\"og:title\" content=\"Circuitos y motores - Adq\" \/>\n<meta property=\"og:description\" content=\"Productos y materias primas para circuitos y motores En Adq combinamos productos de alto desempe\u00f1o, soporte t\u00e9cnico especializado y suministro confiable, convirti\u00e9ndonos en un aliado estrat\u00e9gico para fabricantes y proyectos del sector el\u00e9ctrico e industrial Productos para impregnaci\u00f3n de bobinas, que aseguran una \u00f3ptima penetraci\u00f3n y fijaci\u00f3n de los devanados, mejorando la vida \u00fatil de [&hellip;]\" \/>\n<meta property=\"og:url\" content=\"https:\/\/adq.com.co\/en\/materias-primas-para-el-sector-construccion-dupli\/\" \/>\n<meta property=\"og:site_name\" content=\"Adq\" \/>\n<meta property=\"article:modified_time\" content=\"2026-02-10T16:27:55+00:00\" \/>\n<meta property=\"og:image\" content=\"https:\/\/adq.com.co\/wp-content\/uploads\/2026\/02\/image-3.png\" \/>\n\t<meta property=\"og:image:width\" content=\"569\" \/>\n\t<meta property=\"og:image:height\" content=\"465\" \/>\n\t<meta property=\"og:image:type\" content=\"image\/png\" \/>\n<meta name=\"twitter:card\" content=\"summary_large_image\" \/>\n<meta name=\"twitter:label1\" content=\"Est. reading time\" \/>\n\t<meta name=\"twitter:data1\" content=\"1 minute\" \/>\n<script type=\"application\/ld+json\" class=\"yoast-schema-graph\">{\"@context\":\"https:\\\/\\\/schema.org\",\"@graph\":[{\"@type\":\"WebPage\",\"@id\":\"https:\\\/\\\/adq.com.co\\\/materias-primas-para-el-sector-construccion-dupli\\\/\",\"url\":\"https:\\\/\\\/adq.com.co\\\/materias-primas-para-el-sector-construccion-dupli\\\/\",\"name\":\"Circuitos y motores - Adq\",\"isPartOf\":{\"@id\":\"https:\\\/\\\/adq.com.co\\\/#website\"},\"primaryImageOfPage\":{\"@id\":\"https:\\\/\\\/adq.com.co\\\/materias-primas-para-el-sector-construccion-dupli\\\/#primaryimage\"},\"image\":{\"@id\":\"https:\\\/\\\/adq.com.co\\\/materias-primas-para-el-sector-construccion-dupli\\\/#primaryimage\"},\"thumbnailUrl\":\"https:\\\/\\\/adq.com.co\\\/wp-content\\\/uploads\\\/2026\\\/02\\\/image-3.png\",\"datePublished\":\"2026-02-09T22:40:48+00:00\",\"dateModified\":\"2026-02-10T16:27:55+00:00\",\"breadcrumb\":{\"@id\":\"https:\\\/\\\/adq.com.co\\\/materias-primas-para-el-sector-construccion-dupli\\\/#breadcrumb\"},\"inLanguage\":\"en-US\",\"potentialAction\":[{\"@type\":\"ReadAction\",\"target\":[\"https:\\\/\\\/adq.com.co\\\/materias-primas-para-el-sector-construccion-dupli\\\/\"]}]},{\"@type\":\"ImageObject\",\"inLanguage\":\"en-US\",\"@id\":\"https:\\\/\\\/adq.com.co\\\/materias-primas-para-el-sector-construccion-dupli\\\/#primaryimage\",\"url\":\"https:\\\/\\\/adq.com.co\\\/wp-content\\\/uploads\\\/2026\\\/02\\\/image-3.png\",\"contentUrl\":\"https:\\\/\\\/adq.com.co\\\/wp-content\\\/uploads\\\/2026\\\/02\\\/image-3.png\"},{\"@type\":\"BreadcrumbList\",\"@id\":\"https:\\\/\\\/adq.com.co\\\/materias-primas-para-el-sector-construccion-dupli\\\/#breadcrumb\",\"itemListElement\":[{\"@type\":\"ListItem\",\"position\":1,\"name\":\"Portada\",\"item\":\"https:\\\/\\\/adq.com.co\\\/\"},{\"@type\":\"ListItem\",\"position\":2,\"name\":\"Circuitos y motores\"}]},{\"@type\":\"WebSite\",\"@id\":\"https:\\\/\\\/adq.com.co\\\/#website\",\"url\":\"https:\\\/\\\/adq.com.co\\\/\",\"name\":\"Adq\",\"description\":\"Recubrimientos t\u00e9cnicos, morteros y soluciones qu\u00edmicas para la construcci\u00f3n e infraestructura.\",\"publisher\":{\"@id\":\"https:\\\/\\\/adq.com.co\\\/#organization\"},\"potentialAction\":[{\"@type\":\"SearchAction\",\"target\":{\"@type\":\"EntryPoint\",\"urlTemplate\":\"https:\\\/\\\/adq.com.co\\\/?s={search_term_string}\"},\"query-input\":{\"@type\":\"PropertyValueSpecification\",\"valueRequired\":true,\"valueName\":\"search_term_string\"}}],\"inLanguage\":\"en-US\"},{\"@type\":\"Organization\",\"@id\":\"https:\\\/\\\/adq.com.co\\\/#organization\",\"name\":\"Adq\",\"url\":\"https:\\\/\\\/adq.com.co\\\/\",\"logo\":{\"@type\":\"ImageObject\",\"inLanguage\":\"en-US\",\"@id\":\"https:\\\/\\\/adq.com.co\\\/#\\\/schema\\\/logo\\\/image\\\/\",\"url\":\"https:\\\/\\\/adq.com.co\\\/wp-content\\\/uploads\\\/2025\\\/04\\\/cropped-Logo-ADQ.jpg\",\"contentUrl\":\"https:\\\/\\\/adq.com.co\\\/wp-content\\\/uploads\\\/2025\\\/04\\\/cropped-Logo-ADQ.jpg\",\"width\":198,\"height\":89,\"caption\":\"Adq\"},\"image\":{\"@id\":\"https:\\\/\\\/adq.com.co\\\/#\\\/schema\\\/logo\\\/image\\\/\"}}]}<\/script>\n<!-- \/ Yoast SEO plugin. -->","yoast_head_json":{"title":"Circuitos y motores - Adq","robots":{"index":"index","follow":"follow","max-snippet":"max-snippet:-1","max-image-preview":"max-image-preview:large","max-video-preview":"max-video-preview:-1"},"canonical":"https:\/\/adq.com.co\/en\/materias-primas-para-el-sector-construccion-dupli\/","og_locale":"en_US","og_type":"article","og_title":"Circuitos y motores - Adq","og_description":"Productos y materias primas para circuitos y motores En Adq combinamos productos de alto desempe\u00f1o, soporte t\u00e9cnico especializado y suministro confiable, convirti\u00e9ndonos en un aliado estrat\u00e9gico para fabricantes y proyectos del sector el\u00e9ctrico e industrial Productos para impregnaci\u00f3n de bobinas, que aseguran una \u00f3ptima penetraci\u00f3n y fijaci\u00f3n de los devanados, mejorando la vida \u00fatil de [&hellip;]","og_url":"https:\/\/adq.com.co\/en\/materias-primas-para-el-sector-construccion-dupli\/","og_site_name":"Adq","article_modified_time":"2026-02-10T16:27:55+00:00","og_image":[{"width":569,"height":465,"url":"https:\/\/adq.com.co\/wp-content\/uploads\/2026\/02\/image-3.png","type":"image\/png"}],"twitter_card":"summary_large_image","twitter_misc":{"Est. reading time":"1 minute"},"schema":{"@context":"https:\/\/schema.org","@graph":[{"@type":"WebPage","@id":"https:\/\/adq.com.co\/materias-primas-para-el-sector-construccion-dupli\/","url":"https:\/\/adq.com.co\/materias-primas-para-el-sector-construccion-dupli\/","name":"Circuitos y motores - Adq","isPartOf":{"@id":"https:\/\/adq.com.co\/#website"},"primaryImageOfPage":{"@id":"https:\/\/adq.com.co\/materias-primas-para-el-sector-construccion-dupli\/#primaryimage"},"image":{"@id":"https:\/\/adq.com.co\/materias-primas-para-el-sector-construccion-dupli\/#primaryimage"},"thumbnailUrl":"https:\/\/adq.com.co\/wp-content\/uploads\/2026\/02\/image-3.png","datePublished":"2026-02-09T22:40:48+00:00","dateModified":"2026-02-10T16:27:55+00:00","breadcrumb":{"@id":"https:\/\/adq.com.co\/materias-primas-para-el-sector-construccion-dupli\/#breadcrumb"},"inLanguage":"en-US","potentialAction":[{"@type":"ReadAction","target":["https:\/\/adq.com.co\/materias-primas-para-el-sector-construccion-dupli\/"]}]},{"@type":"ImageObject","inLanguage":"en-US","@id":"https:\/\/adq.com.co\/materias-primas-para-el-sector-construccion-dupli\/#primaryimage","url":"https:\/\/adq.com.co\/wp-content\/uploads\/2026\/02\/image-3.png","contentUrl":"https:\/\/adq.com.co\/wp-content\/uploads\/2026\/02\/image-3.png"},{"@type":"BreadcrumbList","@id":"https:\/\/adq.com.co\/materias-primas-para-el-sector-construccion-dupli\/#breadcrumb","itemListElement":[{"@type":"ListItem","position":1,"name":"Portada","item":"https:\/\/adq.com.co\/"},{"@type":"ListItem","position":2,"name":"Circuitos y motores"}]},{"@type":"WebSite","@id":"https:\/\/adq.com.co\/#website","url":"https:\/\/adq.com.co\/","name":"Adq","description":"Recubrimientos t\u00e9cnicos, morteros y soluciones qu\u00edmicas para la construcci\u00f3n e infraestructura.","publisher":{"@id":"https:\/\/adq.com.co\/#organization"},"potentialAction":[{"@type":"SearchAction","target":{"@type":"EntryPoint","urlTemplate":"https:\/\/adq.com.co\/?s={search_term_string}"},"query-input":{"@type":"PropertyValueSpecification","valueRequired":true,"valueName":"search_term_string"}}],"inLanguage":"en-US"},{"@type":"Organization","@id":"https:\/\/adq.com.co\/#organization","name":"Adq","url":"https:\/\/adq.com.co\/","logo":{"@type":"ImageObject","inLanguage":"en-US","@id":"https:\/\/adq.com.co\/#\/schema\/logo\/image\/","url":"https:\/\/adq.com.co\/wp-content\/uploads\/2025\/04\/cropped-Logo-ADQ.jpg","contentUrl":"https:\/\/adq.com.co\/wp-content\/uploads\/2025\/04\/cropped-Logo-ADQ.jpg","width":198,"height":89,"caption":"Adq"},"image":{"@id":"https:\/\/adq.com.co\/#\/schema\/logo\/image\/"}}]}},"_links":{"self":[{"href":"https:\/\/adq.com.co\/en\/wp-json\/wp\/v2\/pages\/1732","targetHints":{"allow":["GET"]}}],"collection":[{"href":"https:\/\/adq.com.co\/en\/wp-json\/wp\/v2\/pages"}],"about":[{"href":"https:\/\/adq.com.co\/en\/wp-json\/wp\/v2\/types\/page"}],"author":[{"embeddable":true,"href":"https:\/\/adq.com.co\/en\/wp-json\/wp\/v2\/users\/1"}],"replies":[{"embeddable":true,"href":"https:\/\/adq.com.co\/en\/wp-json\/wp\/v2\/comments?post=1732"}],"version-history":[{"count":10,"href":"https:\/\/adq.com.co\/en\/wp-json\/wp\/v2\/pages\/1732\/revisions"}],"predecessor-version":[{"id":1760,"href":"https:\/\/adq.com.co\/en\/wp-json\/wp\/v2\/pages\/1732\/revisions\/1760"}],"wp:attachment":[{"href":"https:\/\/adq.com.co\/en\/wp-json\/wp\/v2\/media?parent=1732"}],"curies":[{"name":"wp","href":"https:\/\/api.w.org\/{rel}","templated":true}]}}