{"id":1722,"date":"2026-02-09T19:44:40","date_gmt":"2026-02-09T22:14:40","guid":{"rendered":"https:\/\/adq.com.co\/?page_id=1722"},"modified":"2026-02-10T13:58:26","modified_gmt":"2026-02-10T16:28:26","slug":"materias-primas-para-el-sector-construccion","status":"publish","type":"page","link":"https:\/\/adq.com.co\/en\/materias-primas-para-el-sector-construccion\/","title":{"rendered":"Sector construcci\u00f3n"},"content":{"rendered":"<div class=\"wp-block-stackable-columns stk-block-columns stk-block stk-c360c33\" data-block-id=\"c360c33\"><div class=\"stk-row stk-inner-blocks stk-block-content stk-content-align stk-c360c33-column\">\n<div class=\"wp-block-stackable-column stk-block-column stk-column stk-block stk-90749c2\" data-v=\"4\" data-block-id=\"90749c2\"><style>@media screen and (min-width:690px){.stk-90749c2 {flex:var(--stk-flex-grow, 1) 1 calc(40.099999999999994% - var(--stk-column-gap, 0px) * 1 \/ 2 ) !important;}}<\/style><div class=\"stk-column-wrapper stk-block-column__content stk-container stk-90749c2-container stk--no-background stk--no-padding\"><div class=\"stk-block-content stk-inner-blocks stk-90749c2-inner-blocks\">\n<figure class=\"wp-block-image size-full\"><img loading=\"lazy\" decoding=\"async\" width=\"759\" height=\"662\" src=\"https:\/\/adq.com.co\/wp-content\/uploads\/2026\/02\/image-1.png\" alt=\"\" class=\"wp-image-1723\" srcset=\"https:\/\/adq.com.co\/wp-content\/uploads\/2026\/02\/image-1.png 759w, https:\/\/adq.com.co\/wp-content\/uploads\/2026\/02\/image-1-300x262.png 300w, https:\/\/adq.com.co\/wp-content\/uploads\/2026\/02\/image-1-14x12.png 14w\" sizes=\"auto, (max-width: 759px) 100vw, 759px\" \/><\/figure>\n<\/div><\/div><\/div>\n\n\n\n<div class=\"wp-block-stackable-column stk-block-column stk-column stk-block stk-a9225e4\" data-v=\"4\" data-block-id=\"a9225e4\"><style>@media screen and (min-width:690px){.stk-a9225e4 {flex:var(--stk-flex-grow, 1) 1 calc(59.9% - var(--stk-column-gap, 0px) * 1 \/ 2 ) !important;}}<\/style><div class=\"stk-column-wrapper stk-block-column__content stk-container stk-a9225e4-container stk--no-background stk--no-padding\"><div class=\"stk-block-content stk-inner-blocks stk-a9225e4-inner-blocks\">\n<div class=\"wp-block-stackable-heading stk-block-heading stk-block-heading--v2 stk-block stk-c913a13\" id=\"materias-primas-para-el-sector-construccion\" data-block-id=\"c913a13\"><style>.stk-c913a13 {margin-bottom:10px !important;}.stk-c913a13 .stk-block-heading__text{font-size:25px !important;}@media screen and (max-width:999px){.stk-c913a13 .stk-block-heading__text{font-size:25px !important;}}<\/style><h2 class=\"stk-block-heading__text has-text-align-center\">Materias primas para el sector construcci\u00f3n<\/h2><\/div>\n\n\n\n<div class=\"wp-block-stackable-text stk-block-text stk-block stk-19af47b\" data-block-id=\"19af47b\"><p class=\"stk-block-text__text has-text-align-justify\">En Adq ofrecemos un portafolio especializado de materias primas y soluciones t\u00e9cnicas para la industria de la construcci\u00f3n, orientado a mejorar el desempe\u00f1o, la durabilidad y la eficiencia de sistemas base cemento, yeso y aplicaciones especiales. Acompa\u00f1amos a fabricantes y proyectos con productos confiables, asesor\u00eda t\u00e9cnica y suministro oportuno; convirti\u00e9ndonos en un aliado estrat\u00e9gico para el desarrollo de soluciones constructivas confiables, eficientes y de alto desempe\u00f1o<\/p><\/div>\n<\/div><\/div><\/div>\n<\/div><\/div>\n\n\n\n<div class=\"wp-block-stackable-columns stk-block-columns stk-block stk-f80beb4\" data-block-id=\"f80beb4\"><div class=\"stk-row stk-inner-blocks stk-block-content stk-content-align stk-f80beb4-column\">\n<div class=\"wp-block-stackable-column stk-block-column stk-column stk-block stk-90376c1\" data-v=\"4\" data-block-id=\"90376c1\"><div class=\"stk-column-wrapper stk-block-column__content stk-container stk-90376c1-container stk--no-background stk--no-padding\"><div class=\"stk-block-content stk-inner-blocks stk-90376c1-inner-blocks\">\n<div class=\"wp-block-stackable-columns stk-block-columns stk-block stk-9a8ac9a\" data-block-id=\"9a8ac9a\"><div class=\"stk-row stk-inner-blocks stk-block-content stk-content-align stk-9a8ac9a-column\">\n<div class=\"wp-block-stackable-column stk-block-column stk-column stk-block stk-ab7e23a\" data-v=\"4\" data-block-id=\"ab7e23a\"><div class=\"stk-column-wrapper stk-block-column__content stk-container stk-ab7e23a-container stk--no-background stk--no-padding\"><div class=\"has-text-align-center stk-block-content stk-inner-blocks stk-ab7e23a-inner-blocks\">\n<div class=\"wp-block-stackable-text stk-block-text stk-block stk-1c45765\" data-block-id=\"1c45765\"><style>.stk-1c45765 {margin-bottom:6px !important;}<\/style><p class=\"stk-block-text__text has-text-align-center\"><strong>Aditivos<\/strong><\/p><\/div>\n\n\n\n<div class=\"wp-block-stackable-text stk-block-text stk-block stk-48af7dc\" data-block-id=\"48af7dc\"><style>.stk-48af7dc {margin-bottom:5px !important;}<\/style><p class=\"stk-block-text__text has-text-align-justify\">Nuestra l\u00ednea de aditivos est\u00e1 dise\u00f1ada para optimizar la trabajabilidad, tiempos de fraguado y comportamiento reol\u00f3gico de morteros, estucos y mezclas especiales:<\/p><\/div>\n\n\n\n<div class=\"wp-block-stackable-columns stk-block-columns stk-block stk-a4c47e8\" data-block-id=\"a4c47e8\"><style>.stk-a4c47e8 {margin-bottom:0px !important;}<\/style><div class=\"stk-row stk-inner-blocks stk-block-content stk-content-align stk-a4c47e8-column\">\n<div class=\"wp-block-stackable-column stk-block-column stk-column stk-block stk-615b235\" data-v=\"4\" data-block-id=\"615b235\"><div class=\"stk-column-wrapper stk-block-column__content stk-container stk-615b235-container stk--no-background stk--no-padding\"><div class=\"stk-block-content stk-inner-blocks stk-615b235-inner-blocks\">\n<div class=\"wp-block-stackable-text stk-block-text stk-block stk-c3574e5\" data-block-id=\"c3574e5\"><style>.stk-c3574e5 {margin-bottom:0px !important;}<\/style><p class=\"stk-block-text__text has-text-align-left\"><strong>\u00c9teres de Celulosa para sistema base cemento o Yeso<\/strong><\/p><\/div>\n\n\n\n<div class=\"wp-block-stackable-text stk-block-text stk-block stk-72348f9\" data-block-id=\"72348f9\"><style>.stk-72348f9 {margin-bottom:1px !important;}<\/style><p class=\"stk-block-text__text has-text-align-left\"><strong>Ultragel S, Ultragel Pro, Ultragel Y, Ultragel C<\/strong><\/p><\/div>\n\n\n\n<div class=\"wp-block-stackable-text stk-block-text stk-block stk-5cab85f\" data-block-id=\"5cab85f\"><style>.stk-5cab85f {margin-bottom:0px !important;}<\/style><p class=\"stk-block-text__text has-text-align-left\"><strong>Atapulgita<\/strong><\/p><\/div>\n\n\n\n<div class=\"wp-block-stackable-text stk-block-text stk-block stk-bd7d918\" data-block-id=\"bd7d918\"><p class=\"stk-block-text__text has-text-align-left\"><strong>Retardantes de Yeso<\/strong><\/p><\/div>\n\n\n\n<div class=\"wp-block-stackable-text stk-block-text stk-block stk-4c1153f\" data-block-id=\"4c1153f\"><p class=\"stk-block-text__text has-text-align-left\"><strong>Plastificantes<\/strong><\/p><\/div>\n\n\n\n<div class=\"wp-block-stackable-text stk-block-text stk-block stk-e50a947\" data-block-id=\"e50a947\"><p class=\"stk-block-text__text has-text-align-left\"><strong>Cenizas<\/strong><\/p><\/div>\n<\/div><\/div><\/div>\n<\/div><\/div>\n<\/div><\/div><\/div>\n\n\n\n<div class=\"wp-block-stackable-column stk-block-column stk-column stk-block stk-93f557a\" data-v=\"4\" data-block-id=\"93f557a\"><div class=\"stk-column-wrapper stk-block-column__content stk-container stk-93f557a-container stk--no-background stk--no-padding\"><div class=\"has-text-align-center stk-block-content stk-inner-blocks stk-93f557a-inner-blocks\">\n<div class=\"wp-block-stackable-text stk-block-text stk-block stk-84b2995\" data-block-id=\"84b2995\"><style>.stk-84b2995 {margin-bottom:6px !important;}<\/style><p class=\"stk-block-text__text has-text-align-center\"><strong>Cargas y Pigmentos&nbsp;<\/strong><\/p><\/div>\n\n\n\n<div class=\"wp-block-stackable-text stk-block-text stk-block stk-2f3b453\" data-block-id=\"2f3b453\"><p class=\"stk-block-text__text has-text-align-left\">Suministramos cargas minerales y pigmentos que aportan control granulom\u00e9trico, estabilidad y acabado uniforme en los sistemas constructivos:<\/p><\/div>\n\n\n\n<div class=\"wp-block-stackable-columns stk-block-columns stk-block stk-91a53ca\" data-block-id=\"91a53ca\"><div class=\"stk-row stk-inner-blocks stk-block-content stk-content-align stk-91a53ca-column\">\n<div class=\"wp-block-stackable-column stk-block-column stk-column stk-block stk-d14a04d\" data-v=\"4\" data-block-id=\"d14a04d\"><div class=\"stk-column-wrapper stk-block-column__content stk-container stk-d14a04d-container stk--no-background stk--no-padding\"><div class=\"stk-block-content stk-inner-blocks stk-d14a04d-inner-blocks\">\n<div class=\"wp-block-stackable-text stk-block-text stk-block stk-f1b4205\" data-block-id=\"f1b4205\"><p class=\"stk-block-text__text has-text-align-left\"><strong>Carbonatos de Calcio &#8211; granulometr\u00edas a la medida<\/strong><\/p><\/div>\n\n\n\n<div class=\"wp-block-stackable-text stk-block-text stk-block stk-f7f9db6\" data-block-id=\"f7f9db6\"><p class=\"stk-block-text__text has-text-align-left\"><strong>Di\u00f3xidos de Titanio<\/strong><\/p><\/div>\n\n\n\n<div class=\"wp-block-stackable-text stk-block-text stk-block stk-4e8e303\" data-block-id=\"4e8e303\"><p class=\"stk-block-text__text has-text-align-left\"><strong>Caol\u00ednes<\/strong><\/p><\/div>\n<\/div><\/div><\/div>\n<\/div><\/div>\n<\/div><\/div><\/div>\n<\/div><\/div>\n<\/div><\/div><\/div>\n<\/div><\/div>\n\n\n\n<div class=\"wp-block-stackable-columns stk-block-columns stk-block stk-ca4c1f7\" data-block-id=\"ca4c1f7\"><div class=\"stk-row stk-inner-blocks stk-block-content stk-content-align stk-ca4c1f7-column\">\n<div class=\"wp-block-stackable-column stk-block-column stk-column stk-block stk-fc7034a\" data-v=\"4\" data-block-id=\"fc7034a\"><div class=\"stk-column-wrapper stk-block-column__content stk-container stk-fc7034a-container stk--no-background stk--no-padding\"><div class=\"stk-block-content stk-inner-blocks stk-fc7034a-inner-blocks\">\n<div class=\"wp-block-stackable-columns stk-block-columns stk-block stk-a39e62a\" data-block-id=\"a39e62a\"><div class=\"stk-row stk-inner-blocks stk-block-content stk-content-align stk-a39e62a-column\">\n<div class=\"wp-block-stackable-column stk-block-column stk-column stk-block stk-0a92ef8\" data-v=\"4\" data-block-id=\"0a92ef8\"><div class=\"stk-column-wrapper stk-block-column__content stk-container stk-0a92ef8-container stk--no-background stk--no-padding\"><div class=\"has-text-align-center stk-block-content stk-inner-blocks stk-0a92ef8-inner-blocks\">\n<div class=\"wp-block-stackable-text stk-block-text stk-block stk-950c1db\" data-block-id=\"950c1db\"><style>.stk-950c1db {margin-bottom:6px !important;}<\/style><p class=\"stk-block-text__text has-text-align-center\"><strong><strong><strong>Pol\u00edmero &#8211; Aglomerante<\/strong>&nbsp;<\/strong><\/strong><\/p><\/div>\n\n\n\n<div class=\"wp-block-stackable-text stk-block-text stk-block stk-d926a15\" data-block-id=\"d926a15\"><style>.stk-d926a15 {margin-bottom:5px !important;}<\/style><p class=\"stk-block-text__text has-text-align-justify\">Suministramos cargas minerales y pigmentos que aportan control granulom\u00e9trico, estabilidad y acabado uniforme en los sistemas constructivos:<\/p><\/div>\n\n\n\n<div class=\"wp-block-stackable-columns stk-block-columns stk-block stk-39ad025\" data-block-id=\"39ad025\"><style>.stk-39ad025 {margin-bottom:0px !important;}<\/style><div class=\"stk-row stk-inner-blocks stk-block-content stk-content-align stk-39ad025-column\">\n<div class=\"wp-block-stackable-column stk-block-column stk-column stk-block stk-e3f94a0\" data-v=\"4\" data-block-id=\"e3f94a0\"><div class=\"stk-column-wrapper stk-block-column__content stk-container stk-e3f94a0-container stk--no-background stk--no-padding\"><div class=\"stk-block-content stk-inner-blocks stk-e3f94a0-inner-blocks\">\n<div class=\"wp-block-stackable-text stk-block-text stk-block stk-112c992\" data-block-id=\"112c992\"><style>.stk-112c992 {margin-bottom:0px !important;}<\/style><p class=\"stk-block-text__text has-text-align-left\"><strong>Pol\u00edmeros en Polvo Redispersables<\/strong><\/p><\/div>\n\n\n\n<div class=\"wp-block-stackable-text stk-block-text stk-block stk-d21f8f3\" data-block-id=\"d21f8f3\"><style>.stk-d21f8f3 {margin-bottom:1px !important;}<\/style><p class=\"stk-block-text__text has-text-align-left\"><strong>Pol\u00edmeros hidrofugantes + Silanos y sus dispersiones<\/strong><\/p><\/div>\n\n\n\n<div class=\"wp-block-stackable-text stk-block-text stk-block stk-63ca362\" data-block-id=\"63ca362\"><style>.stk-63ca362 {margin-bottom:0px !important;}<\/style><p class=\"stk-block-text__text has-text-align-left\"><strong>Resinas ep\u00f3xicas + endurecedores<\/strong><\/p><\/div>\n\n\n\n<div class=\"wp-block-stackable-text stk-block-text stk-block stk-e384e82\" data-block-id=\"e384e82\"><style>.stk-e384e82 {margin-bottom:0px !important;}<\/style><p class=\"stk-block-text__text has-text-align-left\"><strong>Yeso<\/strong><\/p><\/div>\n<\/div><\/div><\/div>\n<\/div><\/div>\n<\/div><\/div><\/div>\n\n\n\n<div class=\"wp-block-stackable-column stk-block-column stk-column stk-block stk-20db45f\" data-v=\"4\" data-block-id=\"20db45f\"><div class=\"stk-column-wrapper stk-block-column__content stk-container stk-20db45f-container stk--no-background stk--no-padding\"><div class=\"has-text-align-center stk-block-content stk-inner-blocks stk-20db45f-inner-blocks\">\n<div class=\"wp-block-stackable-text stk-block-text stk-block stk-43a0989\" data-block-id=\"43a0989\"><style>.stk-43a0989 {margin-bottom:6px !important;}<\/style><p class=\"stk-block-text__text has-text-align-center\"><strong><strong>Complementos<\/strong><\/strong><\/p><\/div>\n\n\n\n<div class=\"wp-block-stackable-text stk-block-text stk-block stk-dc6556e\" data-block-id=\"dc6556e\"><p class=\"stk-block-text__text has-text-align-left\">Como parte de una soluci\u00f3n integral, ofrecemos productos y equipos para aplicaciones espec\u00edficas en obra e infraestructura<\/p><\/div>\n\n\n\n<div class=\"wp-block-stackable-columns stk-block-columns stk-block stk-7561860\" data-block-id=\"7561860\"><div class=\"stk-row stk-inner-blocks stk-block-content stk-content-align stk-7561860-column\">\n<div class=\"wp-block-stackable-column stk-block-column stk-column stk-block stk-fda364b\" data-v=\"4\" data-block-id=\"fda364b\"><div class=\"stk-column-wrapper stk-block-column__content stk-container stk-fda364b-container stk--no-background stk--no-padding\"><div class=\"stk-block-content stk-inner-blocks stk-fda364b-inner-blocks\">\n<div class=\"wp-block-stackable-text stk-block-text stk-block stk-0550082\" data-block-id=\"0550082\"><p class=\"stk-block-text__text has-text-align-left\"><strong>Maquinar\u00eda para aplicaci\u00f3n<\/strong><\/p><\/div>\n\n\n\n<div class=\"wp-block-stackable-text stk-block-text stk-block stk-35401e1\" data-block-id=\"35401e1\"><p class=\"stk-block-text__text has-text-align-left\"><strong>Adhesivos para tachas en demarcaci\u00f3n v\u00edal<\/strong><\/p><\/div>\n<\/div><\/div><\/div>\n<\/div><\/div>\n<\/div><\/div><\/div>\n<\/div><\/div>\n<\/div><\/div><\/div>\n<\/div><\/div>\n\n\n\n<p><\/p>\n\n\n\n<div class=\"wp-block-stackable-subtitle stk-block-subtitle stk-block stk-3ed4360\" data-block-id=\"3ed4360\"><p class=\"stk-block-subtitle__text stk-subtitle\"><\/p><\/div>","protected":false},"excerpt":{"rendered":"<p>Materias primas para el sector construcci\u00f3n En Adq ofrecemos un portafolio especializado de materias primas y soluciones t\u00e9cnicas para la industria de la construcci\u00f3n, orientado a mejorar el desempe\u00f1o, la durabilidad y la eficiencia de sistemas base cemento, yeso y aplicaciones especiales. Acompa\u00f1amos a fabricantes y proyectos con productos confiables, asesor\u00eda t\u00e9cnica y suministro oportuno; [&hellip;]<\/p>\n","protected":false},"author":1,"featured_media":0,"parent":0,"menu_order":0,"comment_status":"closed","ping_status":"closed","template":"","meta":{"_coblocks_attr":"","_coblocks_dimensions":"","_coblocks_responsive_height":"","_coblocks_accordion_ie_support":"","_joinchat":[],"footnotes":""},"class_list":["post-1722","page","type-page","status-publish","hentry"],"blocksy_meta":[],"yoast_head":"<!-- This site is optimized with the Yoast SEO plugin v27.6 - https:\/\/yoast.com\/product\/yoast-seo-wordpress\/ -->\n<title>Sector construcci\u00f3n - Adq<\/title>\n<meta name=\"robots\" content=\"index, follow, max-snippet:-1, max-image-preview:large, max-video-preview:-1\" \/>\n<link rel=\"canonical\" href=\"https:\/\/adq.com.co\/en\/materias-primas-para-el-sector-construccion\/\" \/>\n<meta property=\"og:locale\" content=\"en_US\" \/>\n<meta property=\"og:type\" content=\"article\" \/>\n<meta property=\"og:title\" content=\"Sector construcci\u00f3n - Adq\" \/>\n<meta property=\"og:description\" content=\"Materias primas para el sector construcci\u00f3n En Adq ofrecemos un portafolio especializado de materias primas y soluciones t\u00e9cnicas para la industria de la construcci\u00f3n, orientado a mejorar el desempe\u00f1o, la durabilidad y la eficiencia de sistemas base cemento, yeso y aplicaciones especiales. Acompa\u00f1amos a fabricantes y proyectos con productos confiables, asesor\u00eda t\u00e9cnica y suministro oportuno; [&hellip;]\" \/>\n<meta property=\"og:url\" content=\"https:\/\/adq.com.co\/en\/materias-primas-para-el-sector-construccion\/\" \/>\n<meta property=\"og:site_name\" content=\"Adq\" \/>\n<meta property=\"article:modified_time\" content=\"2026-02-10T16:28:26+00:00\" \/>\n<meta property=\"og:image\" content=\"https:\/\/adq.com.co\/wp-content\/uploads\/2026\/02\/image-1.png\" \/>\n\t<meta property=\"og:image:width\" content=\"759\" \/>\n\t<meta property=\"og:image:height\" content=\"662\" \/>\n\t<meta property=\"og:image:type\" content=\"image\/png\" \/>\n<meta name=\"twitter:card\" content=\"summary_large_image\" \/>\n<meta name=\"twitter:label1\" content=\"Est. reading time\" \/>\n\t<meta name=\"twitter:data1\" content=\"2 minutes\" \/>\n<script type=\"application\/ld+json\" class=\"yoast-schema-graph\">{\"@context\":\"https:\\\/\\\/schema.org\",\"@graph\":[{\"@type\":\"WebPage\",\"@id\":\"https:\\\/\\\/adq.com.co\\\/materias-primas-para-el-sector-construccion\\\/\",\"url\":\"https:\\\/\\\/adq.com.co\\\/materias-primas-para-el-sector-construccion\\\/\",\"name\":\"Sector construcci\u00f3n - Adq\",\"isPartOf\":{\"@id\":\"https:\\\/\\\/adq.com.co\\\/#website\"},\"primaryImageOfPage\":{\"@id\":\"https:\\\/\\\/adq.com.co\\\/materias-primas-para-el-sector-construccion\\\/#primaryimage\"},\"image\":{\"@id\":\"https:\\\/\\\/adq.com.co\\\/materias-primas-para-el-sector-construccion\\\/#primaryimage\"},\"thumbnailUrl\":\"https:\\\/\\\/adq.com.co\\\/wp-content\\\/uploads\\\/2026\\\/02\\\/image-1.png\",\"datePublished\":\"2026-02-09T22:14:40+00:00\",\"dateModified\":\"2026-02-10T16:28:26+00:00\",\"breadcrumb\":{\"@id\":\"https:\\\/\\\/adq.com.co\\\/materias-primas-para-el-sector-construccion\\\/#breadcrumb\"},\"inLanguage\":\"en-US\",\"potentialAction\":[{\"@type\":\"ReadAction\",\"target\":[\"https:\\\/\\\/adq.com.co\\\/materias-primas-para-el-sector-construccion\\\/\"]}]},{\"@type\":\"ImageObject\",\"inLanguage\":\"en-US\",\"@id\":\"https:\\\/\\\/adq.com.co\\\/materias-primas-para-el-sector-construccion\\\/#primaryimage\",\"url\":\"https:\\\/\\\/adq.com.co\\\/wp-content\\\/uploads\\\/2026\\\/02\\\/image-1.png\",\"contentUrl\":\"https:\\\/\\\/adq.com.co\\\/wp-content\\\/uploads\\\/2026\\\/02\\\/image-1.png\"},{\"@type\":\"BreadcrumbList\",\"@id\":\"https:\\\/\\\/adq.com.co\\\/materias-primas-para-el-sector-construccion\\\/#breadcrumb\",\"itemListElement\":[{\"@type\":\"ListItem\",\"position\":1,\"name\":\"Portada\",\"item\":\"https:\\\/\\\/adq.com.co\\\/\"},{\"@type\":\"ListItem\",\"position\":2,\"name\":\"Sector construcci\u00f3n\"}]},{\"@type\":\"WebSite\",\"@id\":\"https:\\\/\\\/adq.com.co\\\/#website\",\"url\":\"https:\\\/\\\/adq.com.co\\\/\",\"name\":\"Adq\",\"description\":\"Recubrimientos t\u00e9cnicos, morteros y soluciones qu\u00edmicas para la construcci\u00f3n e infraestructura.\",\"publisher\":{\"@id\":\"https:\\\/\\\/adq.com.co\\\/#organization\"},\"potentialAction\":[{\"@type\":\"SearchAction\",\"target\":{\"@type\":\"EntryPoint\",\"urlTemplate\":\"https:\\\/\\\/adq.com.co\\\/?s={search_term_string}\"},\"query-input\":{\"@type\":\"PropertyValueSpecification\",\"valueRequired\":true,\"valueName\":\"search_term_string\"}}],\"inLanguage\":\"en-US\"},{\"@type\":\"Organization\",\"@id\":\"https:\\\/\\\/adq.com.co\\\/#organization\",\"name\":\"Adq\",\"url\":\"https:\\\/\\\/adq.com.co\\\/\",\"logo\":{\"@type\":\"ImageObject\",\"inLanguage\":\"en-US\",\"@id\":\"https:\\\/\\\/adq.com.co\\\/#\\\/schema\\\/logo\\\/image\\\/\",\"url\":\"https:\\\/\\\/adq.com.co\\\/wp-content\\\/uploads\\\/2025\\\/04\\\/cropped-Logo-ADQ.jpg\",\"contentUrl\":\"https:\\\/\\\/adq.com.co\\\/wp-content\\\/uploads\\\/2025\\\/04\\\/cropped-Logo-ADQ.jpg\",\"width\":198,\"height\":89,\"caption\":\"Adq\"},\"image\":{\"@id\":\"https:\\\/\\\/adq.com.co\\\/#\\\/schema\\\/logo\\\/image\\\/\"}}]}<\/script>\n<!-- \/ Yoast SEO plugin. -->","yoast_head_json":{"title":"Sector construcci\u00f3n - Adq","robots":{"index":"index","follow":"follow","max-snippet":"max-snippet:-1","max-image-preview":"max-image-preview:large","max-video-preview":"max-video-preview:-1"},"canonical":"https:\/\/adq.com.co\/en\/materias-primas-para-el-sector-construccion\/","og_locale":"en_US","og_type":"article","og_title":"Sector construcci\u00f3n - Adq","og_description":"Materias primas para el sector construcci\u00f3n En Adq ofrecemos un portafolio especializado de materias primas y soluciones t\u00e9cnicas para la industria de la construcci\u00f3n, orientado a mejorar el desempe\u00f1o, la durabilidad y la eficiencia de sistemas base cemento, yeso y aplicaciones especiales. Acompa\u00f1amos a fabricantes y proyectos con productos confiables, asesor\u00eda t\u00e9cnica y suministro oportuno; [&hellip;]","og_url":"https:\/\/adq.com.co\/en\/materias-primas-para-el-sector-construccion\/","og_site_name":"Adq","article_modified_time":"2026-02-10T16:28:26+00:00","og_image":[{"width":759,"height":662,"url":"https:\/\/adq.com.co\/wp-content\/uploads\/2026\/02\/image-1.png","type":"image\/png"}],"twitter_card":"summary_large_image","twitter_misc":{"Est. reading time":"2 minutes"},"schema":{"@context":"https:\/\/schema.org","@graph":[{"@type":"WebPage","@id":"https:\/\/adq.com.co\/materias-primas-para-el-sector-construccion\/","url":"https:\/\/adq.com.co\/materias-primas-para-el-sector-construccion\/","name":"Sector construcci\u00f3n - Adq","isPartOf":{"@id":"https:\/\/adq.com.co\/#website"},"primaryImageOfPage":{"@id":"https:\/\/adq.com.co\/materias-primas-para-el-sector-construccion\/#primaryimage"},"image":{"@id":"https:\/\/adq.com.co\/materias-primas-para-el-sector-construccion\/#primaryimage"},"thumbnailUrl":"https:\/\/adq.com.co\/wp-content\/uploads\/2026\/02\/image-1.png","datePublished":"2026-02-09T22:14:40+00:00","dateModified":"2026-02-10T16:28:26+00:00","breadcrumb":{"@id":"https:\/\/adq.com.co\/materias-primas-para-el-sector-construccion\/#breadcrumb"},"inLanguage":"en-US","potentialAction":[{"@type":"ReadAction","target":["https:\/\/adq.com.co\/materias-primas-para-el-sector-construccion\/"]}]},{"@type":"ImageObject","inLanguage":"en-US","@id":"https:\/\/adq.com.co\/materias-primas-para-el-sector-construccion\/#primaryimage","url":"https:\/\/adq.com.co\/wp-content\/uploads\/2026\/02\/image-1.png","contentUrl":"https:\/\/adq.com.co\/wp-content\/uploads\/2026\/02\/image-1.png"},{"@type":"BreadcrumbList","@id":"https:\/\/adq.com.co\/materias-primas-para-el-sector-construccion\/#breadcrumb","itemListElement":[{"@type":"ListItem","position":1,"name":"Portada","item":"https:\/\/adq.com.co\/"},{"@type":"ListItem","position":2,"name":"Sector construcci\u00f3n"}]},{"@type":"WebSite","@id":"https:\/\/adq.com.co\/#website","url":"https:\/\/adq.com.co\/","name":"Adq","description":"Recubrimientos t\u00e9cnicos, morteros y soluciones qu\u00edmicas para la construcci\u00f3n e infraestructura.","publisher":{"@id":"https:\/\/adq.com.co\/#organization"},"potentialAction":[{"@type":"SearchAction","target":{"@type":"EntryPoint","urlTemplate":"https:\/\/adq.com.co\/?s={search_term_string}"},"query-input":{"@type":"PropertyValueSpecification","valueRequired":true,"valueName":"search_term_string"}}],"inLanguage":"en-US"},{"@type":"Organization","@id":"https:\/\/adq.com.co\/#organization","name":"Adq","url":"https:\/\/adq.com.co\/","logo":{"@type":"ImageObject","inLanguage":"en-US","@id":"https:\/\/adq.com.co\/#\/schema\/logo\/image\/","url":"https:\/\/adq.com.co\/wp-content\/uploads\/2025\/04\/cropped-Logo-ADQ.jpg","contentUrl":"https:\/\/adq.com.co\/wp-content\/uploads\/2025\/04\/cropped-Logo-ADQ.jpg","width":198,"height":89,"caption":"Adq"},"image":{"@id":"https:\/\/adq.com.co\/#\/schema\/logo\/image\/"}}]}},"_links":{"self":[{"href":"https:\/\/adq.com.co\/en\/wp-json\/wp\/v2\/pages\/1722","targetHints":{"allow":["GET"]}}],"collection":[{"href":"https:\/\/adq.com.co\/en\/wp-json\/wp\/v2\/pages"}],"about":[{"href":"https:\/\/adq.com.co\/en\/wp-json\/wp\/v2\/types\/page"}],"author":[{"embeddable":true,"href":"https:\/\/adq.com.co\/en\/wp-json\/wp\/v2\/users\/1"}],"replies":[{"embeddable":true,"href":"https:\/\/adq.com.co\/en\/wp-json\/wp\/v2\/comments?post=1722"}],"version-history":[{"count":8,"href":"https:\/\/adq.com.co\/en\/wp-json\/wp\/v2\/pages\/1722\/revisions"}],"predecessor-version":[{"id":1761,"href":"https:\/\/adq.com.co\/en\/wp-json\/wp\/v2\/pages\/1722\/revisions\/1761"}],"wp:attachment":[{"href":"https:\/\/adq.com.co\/en\/wp-json\/wp\/v2\/media?parent=1722"}],"curies":[{"name":"wp","href":"https:\/\/api.w.org\/{rel}","templated":true}]}}