{"id":1689,"date":"2026-02-09T13:48:10","date_gmt":"2026-02-09T16:18:10","guid":{"rendered":"https:\/\/adq.com.co\/?page_id=1689"},"modified":"2026-02-10T13:57:36","modified_gmt":"2026-02-10T16:27:36","slug":"materias-primas-para-pinturas","status":"publish","type":"page","link":"https:\/\/adq.com.co\/en\/materias-primas-para-pinturas\/","title":{"rendered":"Paints"},"content":{"rendered":"<div class=\"wp-block-stackable-columns stk-block-columns stk-block stk-c360c33\" data-block-id=\"c360c33\"><div class=\"stk-row stk-inner-blocks stk-block-content stk-content-align stk-c360c33-column\">\n<div class=\"wp-block-stackable-column stk-block-column stk-column stk-block stk-90749c2\" data-v=\"4\" data-block-id=\"90749c2\"><style>@media screen and (min-width:690px){.stk-90749c2 {flex:var(--stk-flex-grow, 1) 1 calc(40.099999999999994% - var(--stk-column-gap, 0px) * 1 \/ 2 ) !important;}}<\/style><div class=\"stk-column-wrapper stk-block-column__content stk-container stk-90749c2-container stk--no-background stk--no-padding\"><div class=\"stk-block-content stk-inner-blocks stk-90749c2-inner-blocks\">\n<figure class=\"wp-block-image size-full is-resized\"><img loading=\"lazy\" decoding=\"async\" width=\"799\" height=\"546\" src=\"https:\/\/adq.com.co\/wp-content\/uploads\/2026\/02\/image.png\" alt=\"\" class=\"wp-image-1690\" style=\"aspect-ratio:1.4634056250329799;width:405px;height:auto\" srcset=\"https:\/\/adq.com.co\/wp-content\/uploads\/2026\/02\/image.png 799w, https:\/\/adq.com.co\/wp-content\/uploads\/2026\/02\/image-300x205.png 300w, https:\/\/adq.com.co\/wp-content\/uploads\/2026\/02\/image-768x525.png 768w, https:\/\/adq.com.co\/wp-content\/uploads\/2026\/02\/image-18x12.png 18w\" sizes=\"auto, (max-width: 799px) 100vw, 799px\" \/><\/figure>\n<\/div><\/div><\/div>\n\n\n\n<div class=\"wp-block-stackable-column stk-block-column stk-column stk-block stk-a9225e4\" data-v=\"4\" data-block-id=\"a9225e4\"><style>@media screen and (min-width:690px){.stk-a9225e4 {flex:var(--stk-flex-grow, 1) 1 calc(59.9% - var(--stk-column-gap, 0px) * 1 \/ 2 ) !important;}}<\/style><div class=\"stk-column-wrapper stk-block-column__content stk-container stk-a9225e4-container stk--no-background stk--no-padding\"><div class=\"stk-block-content stk-inner-blocks stk-a9225e4-inner-blocks\">\n<div class=\"wp-block-stackable-heading stk-block-heading stk-block-heading--v2 stk-block stk-c913a13\" id=\"materias-primas-para-pinturas\" data-block-id=\"c913a13\"><style>.stk-c913a13 {margin-bottom:10px !important;}<\/style><h2 class=\"stk-block-heading__text has-text-align-center\">Materias Primas para pinturas<\/h2><\/div>\n\n\n\n<div class=\"wp-block-stackable-text stk-block-text stk-block stk-19af47b\" data-block-id=\"19af47b\"><p class=\"stk-block-text__text has-text-align-justify\">En Adq suministramos materias primas de alto desempe\u00f1o para la formulaci\u00f3n de pinturas, recubrimientos y sistemas especiales, garantizando calidad, consistencia y respaldo t\u00e9cnico en cada etapa del proceso productivo. Nuestro portafolio est\u00e1 dise\u00f1ado para atender las exigencias de fabricantes industriales, adapt\u00e1ndonos a distintas aplicaciones, normativas y necesidades t\u00e9cnicas.<\/p><\/div>\n<\/div><\/div><\/div>\n<\/div><\/div>\n\n\n\n<div class=\"wp-block-stackable-columns stk-block-columns stk-block stk-f80beb4\" data-block-id=\"f80beb4\"><div class=\"stk-row stk-inner-blocks stk-block-content stk-content-align stk-f80beb4-column\">\n<div class=\"wp-block-stackable-column stk-block-column stk-column stk-block stk-90376c1\" data-v=\"4\" data-block-id=\"90376c1\"><div class=\"stk-column-wrapper stk-block-column__content stk-container stk-90376c1-container stk--no-background stk--no-padding\"><div class=\"stk-block-content stk-inner-blocks stk-90376c1-inner-blocks\">\n<div class=\"wp-block-stackable-columns stk-block-columns stk-block stk-9a8ac9a\" data-block-id=\"9a8ac9a\"><div class=\"stk-row stk-inner-blocks stk-block-content stk-content-align stk-9a8ac9a-column\">\n<div class=\"wp-block-stackable-column stk-block-column stk-column stk-block stk-ab7e23a\" data-v=\"4\" data-block-id=\"ab7e23a\"><div class=\"stk-column-wrapper stk-block-column__content stk-container stk-ab7e23a-container stk--no-background stk--no-padding\"><div class=\"has-text-align-center stk-block-content stk-inner-blocks stk-ab7e23a-inner-blocks\">\n<div class=\"wp-block-stackable-text stk-block-text stk-block stk-1c45765\" data-block-id=\"1c45765\"><style>.stk-1c45765 {margin-bottom:6px !important;}<\/style><p class=\"stk-block-text__text has-text-align-center\"><strong>Aditivos<\/strong><\/p><\/div>\n\n\n\n<div class=\"wp-block-stackable-text stk-block-text stk-block stk-48af7dc\" data-block-id=\"48af7dc\"><style>.stk-48af7dc {margin-bottom:5px !important;}<\/style><p class=\"stk-block-text__text has-text-align-justify\">Ofrecemos una l\u00ednea completa de aditivos que optimizan el comportamiento reol\u00f3gico, la estabilidad y el acabado final de las formulaciones<\/p><\/div>\n\n\n\n<div class=\"wp-block-stackable-columns stk-block-columns stk-block stk-a4c47e8\" data-block-id=\"a4c47e8\"><style>.stk-a4c47e8 {margin-bottom:0px !important;}<\/style><div class=\"stk-row stk-inner-blocks stk-block-content stk-content-align stk-a4c47e8-column\">\n<div class=\"wp-block-stackable-column stk-block-column stk-column stk-block stk-615b235\" data-v=\"4\" data-block-id=\"615b235\"><div class=\"stk-column-wrapper stk-block-column__content stk-container stk-615b235-container stk--no-background stk--no-padding\"><div class=\"stk-block-content stk-inner-blocks stk-615b235-inner-blocks\">\n<div class=\"wp-block-stackable-text stk-block-text stk-block stk-c3574e5\" data-block-id=\"c3574e5\"><style>.stk-c3574e5 {margin-bottom:0px !important;}<\/style><p class=\"stk-block-text__text has-text-align-left\"><strong>\u00c9teres de Celulosa<\/strong><\/p><\/div>\n\n\n\n<div class=\"wp-block-stackable-text stk-block-text stk-block stk-72348f9\" data-block-id=\"72348f9\"><style>.stk-72348f9 {margin-bottom:1px !important;}<\/style><p class=\"stk-block-text__text has-text-align-left\"><strong>Ultragel S \u2013 Ultragel Pro<\/strong><\/p><\/div>\n\n\n\n<div class=\"wp-block-stackable-text stk-block-text stk-block stk-5cab85f\" data-block-id=\"5cab85f\"><style>.stk-5cab85f {margin-bottom:0px !important;}<\/style><p class=\"stk-block-text__text has-text-align-left\"><strong>Atapulgita<\/strong><\/p><\/div>\n\n\n\n<div class=\"wp-block-stackable-text stk-block-text stk-block stk-bd7d918\" data-block-id=\"bd7d918\"><p class=\"stk-block-text__text has-text-align-left\"><strong>Antiespumantes (aceite mineral y siliconados)<\/strong><\/p><\/div>\n<\/div><\/div><\/div>\n<\/div><\/div>\n<\/div><\/div><\/div>\n\n\n\n<div class=\"wp-block-stackable-column stk-block-column stk-column stk-block stk-93f557a\" data-v=\"4\" data-block-id=\"93f557a\"><div class=\"stk-column-wrapper stk-block-column__content stk-container stk-93f557a-container stk--no-background stk--no-padding\"><div class=\"has-text-align-center stk-block-content stk-inner-blocks stk-93f557a-inner-blocks\">\n<div class=\"wp-block-stackable-text stk-block-text stk-block stk-84b2995\" data-block-id=\"84b2995\"><style>.stk-84b2995 {margin-bottom:6px !important;}<\/style><p class=\"stk-block-text__text has-text-align-center\"><strong>Cargas y Pigmentos&nbsp;<\/strong><\/p><\/div>\n\n\n\n<div class=\"wp-block-stackable-text stk-block-text stk-block stk-2f3b453\" data-block-id=\"2f3b453\"><p class=\"stk-block-text__text has-text-align-left\">Contamos con cargas minerales y pigmentos de alta pureza, seleccionados para mejorar propiedades f\u00edsicas, \u00f3pticas y de desempe\u00f1o:<\/p><\/div>\n\n\n\n<div class=\"wp-block-stackable-columns stk-block-columns stk-block stk-91a53ca\" data-block-id=\"91a53ca\"><div class=\"stk-row stk-inner-blocks stk-block-content stk-content-align stk-91a53ca-column\">\n<div class=\"wp-block-stackable-column stk-block-column stk-column stk-block stk-d14a04d\" data-v=\"4\" data-block-id=\"d14a04d\"><div class=\"stk-column-wrapper stk-block-column__content stk-container stk-d14a04d-container stk--no-background stk--no-padding\"><div class=\"stk-block-content stk-inner-blocks stk-d14a04d-inner-blocks\">\n<div class=\"wp-block-stackable-text stk-block-text stk-block stk-f1b4205\" data-block-id=\"f1b4205\"><p class=\"stk-block-text__text has-text-align-left\"><strong>Talco Blanco<\/strong><\/p><\/div>\n\n\n\n<div class=\"wp-block-stackable-text stk-block-text stk-block stk-f7f9db6\" data-block-id=\"f7f9db6\"><p class=\"stk-block-text__text has-text-align-left\"><strong>Carbonatos de Calcio &#8211; granulometr\u00edas a la medida<\/strong><\/p><\/div>\n\n\n\n<div class=\"wp-block-stackable-text stk-block-text stk-block stk-4e8e303\" data-block-id=\"4e8e303\"><p class=\"stk-block-text__text has-text-align-left\"><strong>Caolines Calcinados<\/strong><\/p><\/div>\n\n\n\n<div class=\"wp-block-stackable-text stk-block-text stk-block stk-277d1e9\" data-block-id=\"277d1e9\"><p class=\"stk-block-text__text has-text-align-left\"><strong>Dispersiones pigmentarias<\/strong><\/p><\/div>\n\n\n\n<div class=\"wp-block-stackable-text stk-block-text stk-block stk-4fe962a\" data-block-id=\"4fe962a\"><p class=\"stk-block-text__text has-text-align-left\"><strong>Di\u00f3xidos de Titanio<\/strong><\/p><\/div>\n<\/div><\/div><\/div>\n<\/div><\/div>\n<\/div><\/div><\/div>\n<\/div><\/div>\n<\/div><\/div><\/div>\n<\/div><\/div>\n\n\n\n<div class=\"wp-block-stackable-columns stk-block-columns stk-block stk-ca4c1f7\" data-block-id=\"ca4c1f7\"><div class=\"stk-row stk-inner-blocks stk-block-content stk-content-align stk-ca4c1f7-column\">\n<div class=\"wp-block-stackable-column stk-block-column stk-column stk-block stk-fc7034a\" data-v=\"4\" data-block-id=\"fc7034a\"><div class=\"stk-column-wrapper stk-block-column__content stk-container stk-fc7034a-container stk--no-background stk--no-padding\"><div class=\"stk-block-content stk-inner-blocks stk-fc7034a-inner-blocks\">\n<div class=\"wp-block-stackable-columns stk-block-columns stk-block stk-a39e62a\" data-block-id=\"a39e62a\"><div class=\"stk-row stk-inner-blocks stk-block-content stk-content-align stk-a39e62a-column\">\n<div class=\"wp-block-stackable-column stk-block-column stk-column stk-block stk-0a92ef8\" data-v=\"4\" data-block-id=\"0a92ef8\"><div class=\"stk-column-wrapper stk-block-column__content stk-container stk-0a92ef8-container stk--no-background stk--no-padding\"><div class=\"has-text-align-center stk-block-content stk-inner-blocks stk-0a92ef8-inner-blocks\">\n<div class=\"wp-block-stackable-text stk-block-text stk-block stk-950c1db\" data-block-id=\"950c1db\"><style>.stk-950c1db {margin-bottom:6px !important;}<\/style><p class=\"stk-block-text__text has-text-align-center\"><strong><strong>Resinas \u2013 Pol\u00edmeros&nbsp;<\/strong><\/strong><\/p><\/div>\n\n\n\n<div class=\"wp-block-stackable-text stk-block-text stk-block stk-d926a15\" data-block-id=\"d926a15\"><style>.stk-d926a15 {margin-bottom:5px !important;}<\/style><p class=\"stk-block-text__text has-text-align-justify\">Suministramos resinas para diferentes sistemas de pintura y aplicaciones t\u00e9cnicas especializadas:<\/p><\/div>\n\n\n\n<div class=\"wp-block-stackable-columns stk-block-columns stk-block stk-39ad025\" data-block-id=\"39ad025\"><style>.stk-39ad025 {margin-bottom:0px !important;}<\/style><div class=\"stk-row stk-inner-blocks stk-block-content stk-content-align stk-39ad025-column\">\n<div class=\"wp-block-stackable-column stk-block-column stk-column stk-block stk-e3f94a0\" data-v=\"4\" data-block-id=\"e3f94a0\"><div class=\"stk-column-wrapper stk-block-column__content stk-container stk-e3f94a0-container stk--no-background stk--no-padding\"><div class=\"stk-block-content stk-inner-blocks stk-e3f94a0-inner-blocks\">\n<div class=\"wp-block-stackable-text stk-block-text stk-block stk-112c992\" data-block-id=\"112c992\"><style>.stk-112c992 {margin-bottom:0px !important;}<\/style><p class=\"stk-block-text__text has-text-align-left\"><strong>Resinas Alqu\u00eddicas y Maleicas<\/strong><\/p><\/div>\n\n\n\n<div class=\"wp-block-stackable-text stk-block-text stk-block stk-d21f8f3\" data-block-id=\"d21f8f3\"><style>.stk-d21f8f3 {margin-bottom:1px !important;}<\/style><p class=\"stk-block-text__text has-text-align-left\"><strong>Resinas metilmetacrilato en demarcaci\u00f3n vial<\/strong><\/p><\/div>\n\n\n\n<div class=\"wp-block-stackable-text stk-block-text stk-block stk-63ca362\" data-block-id=\"63ca362\"><style>.stk-63ca362 {margin-bottom:0px !important;}<\/style><p class=\"stk-block-text__text has-text-align-left\"><strong>Resinas ep\u00f3xicas + endurecedores<\/strong><\/p><\/div>\n<\/div><\/div><\/div>\n<\/div><\/div>\n<\/div><\/div><\/div>\n\n\n\n<div class=\"wp-block-stackable-column stk-block-column stk-column stk-block stk-20db45f\" data-v=\"4\" data-block-id=\"20db45f\"><div class=\"stk-column-wrapper stk-block-column__content stk-container stk-20db45f-container stk--no-background stk--no-padding\"><div class=\"has-text-align-center stk-block-content stk-inner-blocks stk-20db45f-inner-blocks\">\n<div class=\"wp-block-stackable-text stk-block-text stk-block stk-43a0989\" data-block-id=\"43a0989\"><style>.stk-43a0989 {margin-bottom:6px !important;}<\/style><p class=\"stk-block-text__text has-text-align-center\"><strong><strong>Complementos<\/strong><\/strong><\/p><\/div>\n\n\n\n<div class=\"wp-block-stackable-text stk-block-text stk-block stk-dc6556e\" data-block-id=\"dc6556e\"><p class=\"stk-block-text__text has-text-align-left\">Adicionalmente, ofrecemos soluciones complementarias para sistemas de se\u00f1alizaci\u00f3n y aplicaci\u00f3n:<\/p><\/div>\n\n\n\n<div class=\"wp-block-stackable-columns stk-block-columns stk-block stk-7561860\" data-block-id=\"7561860\"><div class=\"stk-row stk-inner-blocks stk-block-content stk-content-align stk-7561860-column\">\n<div class=\"wp-block-stackable-column stk-block-column stk-column stk-block stk-fda364b\" data-v=\"4\" data-block-id=\"fda364b\"><div class=\"stk-column-wrapper stk-block-column__content stk-container stk-fda364b-container stk--no-background stk--no-padding\"><div class=\"stk-block-content stk-inner-blocks stk-fda364b-inner-blocks\">\n<div class=\"wp-block-stackable-text stk-block-text stk-block stk-0550082\" data-block-id=\"0550082\"><p class=\"stk-block-text__text has-text-align-left\"><strong>Microesferas de vidrio para demarcaci\u00f3n vial<\/strong><\/p><\/div>\n\n\n\n<div class=\"wp-block-stackable-text stk-block-text stk-block stk-35401e1\" data-block-id=\"35401e1\"><p class=\"stk-block-text__text has-text-align-left\"><strong>Maquinar\u00eda para aplicaci\u00f3n<\/strong><\/p><\/div>\n<\/div><\/div><\/div>\n<\/div><\/div>\n<\/div><\/div><\/div>\n<\/div><\/div>\n<\/div><\/div><\/div>\n<\/div><\/div>\n\n\n\n<p><\/p>\n\n\n\n<div class=\"wp-block-stackable-subtitle stk-block-subtitle stk-block stk-3ed4360\" data-block-id=\"3ed4360\"><p class=\"stk-block-subtitle__text stk-subtitle\"><\/p><\/div>","protected":false},"excerpt":{"rendered":"<p>Materias Primas para pinturas En Adq suministramos materias primas de alto desempe\u00f1o para la formulaci\u00f3n de pinturas, recubrimientos y sistemas especiales, garantizando calidad, consistencia y respaldo t\u00e9cnico en cada etapa del proceso productivo. Nuestro portafolio est\u00e1 dise\u00f1ado para atender las exigencias de fabricantes industriales, adapt\u00e1ndonos a distintas aplicaciones, normativas y necesidades t\u00e9cnicas. Aditivos Ofrecemos una [&hellip;]<\/p>\n","protected":false},"author":1,"featured_media":0,"parent":0,"menu_order":0,"comment_status":"closed","ping_status":"closed","template":"","meta":{"_coblocks_attr":"","_coblocks_dimensions":"","_coblocks_responsive_height":"","_coblocks_accordion_ie_support":"","_joinchat":[],"footnotes":""},"class_list":["post-1689","page","type-page","status-publish","hentry"],"blocksy_meta":[],"yoast_head":"<!-- This site is optimized with the Yoast SEO plugin v27.6 - https:\/\/yoast.com\/product\/yoast-seo-wordpress\/ -->\n<title>Pinturas - Adq<\/title>\n<meta name=\"robots\" content=\"index, follow, max-snippet:-1, max-image-preview:large, max-video-preview:-1\" \/>\n<link rel=\"canonical\" href=\"https:\/\/adq.com.co\/en\/materias-primas-para-pinturas\/\" \/>\n<meta property=\"og:locale\" content=\"en_US\" \/>\n<meta property=\"og:type\" content=\"article\" \/>\n<meta property=\"og:title\" content=\"Pinturas - Adq\" \/>\n<meta property=\"og:description\" content=\"Materias Primas para pinturas En Adq suministramos materias primas de alto desempe\u00f1o para la formulaci\u00f3n de pinturas, recubrimientos y sistemas especiales, garantizando calidad, consistencia y respaldo t\u00e9cnico en cada etapa del proceso productivo. Nuestro portafolio est\u00e1 dise\u00f1ado para atender las exigencias de fabricantes industriales, adapt\u00e1ndonos a distintas aplicaciones, normativas y necesidades t\u00e9cnicas. Aditivos Ofrecemos una [&hellip;]\" \/>\n<meta property=\"og:url\" content=\"https:\/\/adq.com.co\/en\/materias-primas-para-pinturas\/\" \/>\n<meta property=\"og:site_name\" content=\"Adq\" \/>\n<meta property=\"article:modified_time\" content=\"2026-02-10T16:27:36+00:00\" \/>\n<meta property=\"og:image\" content=\"https:\/\/adq.com.co\/wp-content\/uploads\/2026\/02\/image.png\" \/>\n\t<meta property=\"og:image:width\" content=\"799\" \/>\n\t<meta property=\"og:image:height\" content=\"546\" \/>\n\t<meta property=\"og:image:type\" content=\"image\/png\" \/>\n<meta name=\"twitter:card\" content=\"summary_large_image\" \/>\n<meta name=\"twitter:label1\" content=\"Est. reading time\" \/>\n\t<meta name=\"twitter:data1\" content=\"1 minute\" \/>\n<script type=\"application\/ld+json\" class=\"yoast-schema-graph\">{\"@context\":\"https:\\\/\\\/schema.org\",\"@graph\":[{\"@type\":\"WebPage\",\"@id\":\"https:\\\/\\\/adq.com.co\\\/materias-primas-para-pinturas\\\/\",\"url\":\"https:\\\/\\\/adq.com.co\\\/materias-primas-para-pinturas\\\/\",\"name\":\"Pinturas - Adq\",\"isPartOf\":{\"@id\":\"https:\\\/\\\/adq.com.co\\\/#website\"},\"primaryImageOfPage\":{\"@id\":\"https:\\\/\\\/adq.com.co\\\/materias-primas-para-pinturas\\\/#primaryimage\"},\"image\":{\"@id\":\"https:\\\/\\\/adq.com.co\\\/materias-primas-para-pinturas\\\/#primaryimage\"},\"thumbnailUrl\":\"https:\\\/\\\/adq.com.co\\\/wp-content\\\/uploads\\\/2026\\\/02\\\/image.png\",\"datePublished\":\"2026-02-09T16:18:10+00:00\",\"dateModified\":\"2026-02-10T16:27:36+00:00\",\"breadcrumb\":{\"@id\":\"https:\\\/\\\/adq.com.co\\\/materias-primas-para-pinturas\\\/#breadcrumb\"},\"inLanguage\":\"en-US\",\"potentialAction\":[{\"@type\":\"ReadAction\",\"target\":[\"https:\\\/\\\/adq.com.co\\\/materias-primas-para-pinturas\\\/\"]}]},{\"@type\":\"ImageObject\",\"inLanguage\":\"en-US\",\"@id\":\"https:\\\/\\\/adq.com.co\\\/materias-primas-para-pinturas\\\/#primaryimage\",\"url\":\"https:\\\/\\\/adq.com.co\\\/wp-content\\\/uploads\\\/2026\\\/02\\\/image.png\",\"contentUrl\":\"https:\\\/\\\/adq.com.co\\\/wp-content\\\/uploads\\\/2026\\\/02\\\/image.png\"},{\"@type\":\"BreadcrumbList\",\"@id\":\"https:\\\/\\\/adq.com.co\\\/materias-primas-para-pinturas\\\/#breadcrumb\",\"itemListElement\":[{\"@type\":\"ListItem\",\"position\":1,\"name\":\"Portada\",\"item\":\"https:\\\/\\\/adq.com.co\\\/\"},{\"@type\":\"ListItem\",\"position\":2,\"name\":\"Pinturas\"}]},{\"@type\":\"WebSite\",\"@id\":\"https:\\\/\\\/adq.com.co\\\/#website\",\"url\":\"https:\\\/\\\/adq.com.co\\\/\",\"name\":\"Adq\",\"description\":\"Recubrimientos t\u00e9cnicos, morteros y soluciones qu\u00edmicas para la construcci\u00f3n e infraestructura.\",\"publisher\":{\"@id\":\"https:\\\/\\\/adq.com.co\\\/#organization\"},\"potentialAction\":[{\"@type\":\"SearchAction\",\"target\":{\"@type\":\"EntryPoint\",\"urlTemplate\":\"https:\\\/\\\/adq.com.co\\\/?s={search_term_string}\"},\"query-input\":{\"@type\":\"PropertyValueSpecification\",\"valueRequired\":true,\"valueName\":\"search_term_string\"}}],\"inLanguage\":\"en-US\"},{\"@type\":\"Organization\",\"@id\":\"https:\\\/\\\/adq.com.co\\\/#organization\",\"name\":\"Adq\",\"url\":\"https:\\\/\\\/adq.com.co\\\/\",\"logo\":{\"@type\":\"ImageObject\",\"inLanguage\":\"en-US\",\"@id\":\"https:\\\/\\\/adq.com.co\\\/#\\\/schema\\\/logo\\\/image\\\/\",\"url\":\"https:\\\/\\\/adq.com.co\\\/wp-content\\\/uploads\\\/2025\\\/04\\\/cropped-Logo-ADQ.jpg\",\"contentUrl\":\"https:\\\/\\\/adq.com.co\\\/wp-content\\\/uploads\\\/2025\\\/04\\\/cropped-Logo-ADQ.jpg\",\"width\":198,\"height\":89,\"caption\":\"Adq\"},\"image\":{\"@id\":\"https:\\\/\\\/adq.com.co\\\/#\\\/schema\\\/logo\\\/image\\\/\"}}]}<\/script>\n<!-- \/ Yoast SEO plugin. -->","yoast_head_json":{"title":"Pinturas - Adq","robots":{"index":"index","follow":"follow","max-snippet":"max-snippet:-1","max-image-preview":"max-image-preview:large","max-video-preview":"max-video-preview:-1"},"canonical":"https:\/\/adq.com.co\/en\/materias-primas-para-pinturas\/","og_locale":"en_US","og_type":"article","og_title":"Pinturas - Adq","og_description":"Materias Primas para pinturas En Adq suministramos materias primas de alto desempe\u00f1o para la formulaci\u00f3n de pinturas, recubrimientos y sistemas especiales, garantizando calidad, consistencia y respaldo t\u00e9cnico en cada etapa del proceso productivo. Nuestro portafolio est\u00e1 dise\u00f1ado para atender las exigencias de fabricantes industriales, adapt\u00e1ndonos a distintas aplicaciones, normativas y necesidades t\u00e9cnicas. Aditivos Ofrecemos una [&hellip;]","og_url":"https:\/\/adq.com.co\/en\/materias-primas-para-pinturas\/","og_site_name":"Adq","article_modified_time":"2026-02-10T16:27:36+00:00","og_image":[{"width":799,"height":546,"url":"https:\/\/adq.com.co\/wp-content\/uploads\/2026\/02\/image.png","type":"image\/png"}],"twitter_card":"summary_large_image","twitter_misc":{"Est. reading time":"1 minute"},"schema":{"@context":"https:\/\/schema.org","@graph":[{"@type":"WebPage","@id":"https:\/\/adq.com.co\/materias-primas-para-pinturas\/","url":"https:\/\/adq.com.co\/materias-primas-para-pinturas\/","name":"Pinturas - Adq","isPartOf":{"@id":"https:\/\/adq.com.co\/#website"},"primaryImageOfPage":{"@id":"https:\/\/adq.com.co\/materias-primas-para-pinturas\/#primaryimage"},"image":{"@id":"https:\/\/adq.com.co\/materias-primas-para-pinturas\/#primaryimage"},"thumbnailUrl":"https:\/\/adq.com.co\/wp-content\/uploads\/2026\/02\/image.png","datePublished":"2026-02-09T16:18:10+00:00","dateModified":"2026-02-10T16:27:36+00:00","breadcrumb":{"@id":"https:\/\/adq.com.co\/materias-primas-para-pinturas\/#breadcrumb"},"inLanguage":"en-US","potentialAction":[{"@type":"ReadAction","target":["https:\/\/adq.com.co\/materias-primas-para-pinturas\/"]}]},{"@type":"ImageObject","inLanguage":"en-US","@id":"https:\/\/adq.com.co\/materias-primas-para-pinturas\/#primaryimage","url":"https:\/\/adq.com.co\/wp-content\/uploads\/2026\/02\/image.png","contentUrl":"https:\/\/adq.com.co\/wp-content\/uploads\/2026\/02\/image.png"},{"@type":"BreadcrumbList","@id":"https:\/\/adq.com.co\/materias-primas-para-pinturas\/#breadcrumb","itemListElement":[{"@type":"ListItem","position":1,"name":"Portada","item":"https:\/\/adq.com.co\/"},{"@type":"ListItem","position":2,"name":"Pinturas"}]},{"@type":"WebSite","@id":"https:\/\/adq.com.co\/#website","url":"https:\/\/adq.com.co\/","name":"Adq","description":"Recubrimientos t\u00e9cnicos, morteros y soluciones qu\u00edmicas para la construcci\u00f3n e infraestructura.","publisher":{"@id":"https:\/\/adq.com.co\/#organization"},"potentialAction":[{"@type":"SearchAction","target":{"@type":"EntryPoint","urlTemplate":"https:\/\/adq.com.co\/?s={search_term_string}"},"query-input":{"@type":"PropertyValueSpecification","valueRequired":true,"valueName":"search_term_string"}}],"inLanguage":"en-US"},{"@type":"Organization","@id":"https:\/\/adq.com.co\/#organization","name":"Adq","url":"https:\/\/adq.com.co\/","logo":{"@type":"ImageObject","inLanguage":"en-US","@id":"https:\/\/adq.com.co\/#\/schema\/logo\/image\/","url":"https:\/\/adq.com.co\/wp-content\/uploads\/2025\/04\/cropped-Logo-ADQ.jpg","contentUrl":"https:\/\/adq.com.co\/wp-content\/uploads\/2025\/04\/cropped-Logo-ADQ.jpg","width":198,"height":89,"caption":"Adq"},"image":{"@id":"https:\/\/adq.com.co\/#\/schema\/logo\/image\/"}}]}},"_links":{"self":[{"href":"https:\/\/adq.com.co\/en\/wp-json\/wp\/v2\/pages\/1689","targetHints":{"allow":["GET"]}}],"collection":[{"href":"https:\/\/adq.com.co\/en\/wp-json\/wp\/v2\/pages"}],"about":[{"href":"https:\/\/adq.com.co\/en\/wp-json\/wp\/v2\/types\/page"}],"author":[{"embeddable":true,"href":"https:\/\/adq.com.co\/en\/wp-json\/wp\/v2\/users\/1"}],"replies":[{"embeddable":true,"href":"https:\/\/adq.com.co\/en\/wp-json\/wp\/v2\/comments?post=1689"}],"version-history":[{"count":26,"href":"https:\/\/adq.com.co\/en\/wp-json\/wp\/v2\/pages\/1689\/revisions"}],"predecessor-version":[{"id":1759,"href":"https:\/\/adq.com.co\/en\/wp-json\/wp\/v2\/pages\/1689\/revisions\/1759"}],"wp:attachment":[{"href":"https:\/\/adq.com.co\/en\/wp-json\/wp\/v2\/media?parent=1689"}],"curies":[{"name":"wp","href":"https:\/\/api.w.org\/{rel}","templated":true}]}}