{"id":1454,"date":"2025-05-06T16:57:22","date_gmt":"2025-05-06T19:27:22","guid":{"rendered":"https:\/\/adq.com.co\/?page_id=1454"},"modified":"2025-05-06T17:48:32","modified_gmt":"2025-05-06T20:18:32","slug":"politica-de-gestion","status":"publish","type":"page","link":"https:\/\/adq.com.co\/en\/politica-de-gestion\/","title":{"rendered":"Management Policy"},"content":{"rendered":"<div class=\"wp-block-stackable-heading stk-block-heading stk-block-heading--v2 stk-block stk-38c4732\" id=\"politica-de-gestion-adq-s-a-s\" data-block-id=\"38c4732\"><style>.stk-38c4732 .stk-block-heading__text{color:var(--theme-palette-color-1, #30B2AC) !important;font-family:\"t\", Sans-serif !important;}<\/style><h2 class=\"stk-block-heading__text has-text-color has-text-align-center\">Pol\u00edtica de Gesti\u00f3n Adq S.A.S<\/h2><\/div>\n\n\n\n<div class=\"wp-block-stackable-text stk-block-text stk-block stk-39739c4\" data-block-id=\"39739c4\"><p class=\"stk-block-text__text\"><em>Cooperamos para innovar &#8211; Innovamos para transformar<\/em><\/p><\/div>\n\n\n\n<hr class=\"wp-block-separator has-alpha-channel-opacity\"\/>\n\n\n\n<p>En Adq creemos que hacer las cosas bien va m\u00e1s all\u00e1 de cumplir normas o procesos. Es una manera de vivir los valores, de construir relaciones honestas y duraderas, y de aportar, con lo que hacemos, al bienestar de las personas y al desarrollo responsable de nuestro entorno.<\/p>\n\n\n\n<p>Trabajamos con:<\/p>\n\n\n\n<ul class=\"wp-block-list\">\n<li><strong>Prudencia<\/strong>, para actuar con conciencia y responsabilidad.<\/li>\n\n\n\n<li><strong>Justicia<\/strong>, para respetar a cada persona, cada compromiso y cada comunidad.<\/li>\n\n\n\n<li><strong>Fortaleza<\/strong>, para afrontar desaf\u00edos con decisi\u00f3n y constancia.<\/li>\n\n\n\n<li><strong>Templanza<\/strong>, para mantener el equilibrio y la integridad en cada decisi\u00f3n.<\/li>\n<\/ul>\n\n\n\n<p>Nos inspira la <strong>cooperaci\u00f3n<\/strong>, la <strong>innovaci\u00f3n<\/strong> y el deseo profundo de <strong>crear valor real<\/strong> para nuestros clientes, nuestros aliados, y nuestro equipo. Cada paso que damos busca honrar ese compromiso y hacerlo visible en cada producto, servicio y acci\u00f3n.<\/p>\n\n\n\n<p>Aqu\u00ed, en Adq, no solo fabricamos productos. Creamos soluciones confiables, sostenibles y con prop\u00f3sito.<\/p>\n\n\n\n<hr class=\"wp-block-separator has-alpha-channel-opacity\"\/>\n\n\n\n<p><strong>Nuestros principios de gesti\u00f3n son:<\/strong><\/p>\n\n\n\n<hr class=\"wp-block-separator has-alpha-channel-opacity\"\/>\n\n\n\n<div class=\"wp-block-stackable-image stk-block-image stk-block stk-f111ad0\" data-block-id=\"f111ad0\"><style>.stk-f111ad0 .stk-img-wrapper{width:40% !important;}<\/style><figure><span class=\"stk-img-wrapper stk-image--shape-stretch\"><img loading=\"lazy\" decoding=\"async\" class=\"stk-img wp-image-1486\" src=\"https:\/\/adq.com.co\/wp-content\/uploads\/2025\/05\/ChatGPT-Image-6-may-2025-03_14_43-p.m.png\" width=\"1024\" height=\"1024\" srcset=\"https:\/\/adq.com.co\/wp-content\/uploads\/2025\/05\/ChatGPT-Image-6-may-2025-03_14_43-p.m.png 1024w, https:\/\/adq.com.co\/wp-content\/uploads\/2025\/05\/ChatGPT-Image-6-may-2025-03_14_43-p.m-300x300.png 300w, https:\/\/adq.com.co\/wp-content\/uploads\/2025\/05\/ChatGPT-Image-6-may-2025-03_14_43-p.m-150x150.png 150w, https:\/\/adq.com.co\/wp-content\/uploads\/2025\/05\/ChatGPT-Image-6-may-2025-03_14_43-p.m-768x768.png 768w\" sizes=\"auto, (max-width: 1024px) 100vw, 1024px\" \/><\/span><\/figure><\/div>","protected":false},"excerpt":{"rendered":"<p>Pol\u00edtica de Gesti\u00f3n Adq S.A.S Cooperamos para innovar &#8211; Innovamos para transformar En Adq creemos que hacer las cosas bien va m\u00e1s all\u00e1 de cumplir normas o procesos. Es una manera de vivir los valores, de construir relaciones honestas y duraderas, y de aportar, con lo que hacemos, al bienestar de las personas y al [&hellip;]<\/p>\n","protected":false},"author":1,"featured_media":0,"parent":0,"menu_order":0,"comment_status":"closed","ping_status":"closed","template":"","meta":{"_coblocks_attr":"","_coblocks_dimensions":"","_coblocks_responsive_height":"","_coblocks_accordion_ie_support":"","_joinchat":[],"footnotes":""},"class_list":["post-1454","page","type-page","status-publish","hentry"],"blocksy_meta":[],"yoast_head":"<!-- This site is optimized with the Yoast SEO plugin v27.6 - https:\/\/yoast.com\/product\/yoast-seo-wordpress\/ -->\n<title>Pol\u00edtica de Gesti\u00f3n - Adq<\/title>\n<meta name=\"robots\" content=\"index, follow, max-snippet:-1, max-image-preview:large, max-video-preview:-1\" \/>\n<link rel=\"canonical\" href=\"https:\/\/adq.com.co\/en\/politica-de-gestion\/\" \/>\n<meta property=\"og:locale\" content=\"en_US\" \/>\n<meta property=\"og:type\" content=\"article\" \/>\n<meta property=\"og:title\" content=\"Pol\u00edtica de Gesti\u00f3n - Adq\" \/>\n<meta property=\"og:description\" content=\"Pol\u00edtica de Gesti\u00f3n Adq S.A.S Cooperamos para innovar &#8211; Innovamos para transformar En Adq creemos que hacer las cosas bien va m\u00e1s all\u00e1 de cumplir normas o procesos. Es una manera de vivir los valores, de construir relaciones honestas y duraderas, y de aportar, con lo que hacemos, al bienestar de las personas y al [&hellip;]\" \/>\n<meta property=\"og:url\" content=\"https:\/\/adq.com.co\/en\/politica-de-gestion\/\" \/>\n<meta property=\"og:site_name\" content=\"Adq\" \/>\n<meta property=\"article:modified_time\" content=\"2025-05-06T20:18:32+00:00\" \/>\n<meta property=\"og:image\" content=\"https:\/\/adq.com.co\/wp-content\/uploads\/2025\/05\/ChatGPT-Image-6-may-2025-03_14_43-p.m.png\" \/>\n\t<meta property=\"og:image:width\" content=\"1024\" \/>\n\t<meta property=\"og:image:height\" content=\"1024\" \/>\n\t<meta property=\"og:image:type\" content=\"image\/png\" \/>\n<meta name=\"twitter:card\" content=\"summary_large_image\" \/>\n<meta name=\"twitter:label1\" content=\"Est. reading time\" \/>\n\t<meta name=\"twitter:data1\" content=\"1 minute\" \/>\n<script type=\"application\/ld+json\" class=\"yoast-schema-graph\">{\"@context\":\"https:\\\/\\\/schema.org\",\"@graph\":[{\"@type\":\"WebPage\",\"@id\":\"https:\\\/\\\/adq.com.co\\\/politica-de-gestion\\\/\",\"url\":\"https:\\\/\\\/adq.com.co\\\/politica-de-gestion\\\/\",\"name\":\"Pol\u00edtica de Gesti\u00f3n - Adq\",\"isPartOf\":{\"@id\":\"https:\\\/\\\/adq.com.co\\\/#website\"},\"primaryImageOfPage\":{\"@id\":\"https:\\\/\\\/adq.com.co\\\/politica-de-gestion\\\/#primaryimage\"},\"image\":{\"@id\":\"https:\\\/\\\/adq.com.co\\\/politica-de-gestion\\\/#primaryimage\"},\"thumbnailUrl\":\"https:\\\/\\\/adq.com.co\\\/wp-content\\\/uploads\\\/2025\\\/05\\\/ChatGPT-Image-6-may-2025-03_14_43-p.m.png\",\"datePublished\":\"2025-05-06T19:27:22+00:00\",\"dateModified\":\"2025-05-06T20:18:32+00:00\",\"breadcrumb\":{\"@id\":\"https:\\\/\\\/adq.com.co\\\/politica-de-gestion\\\/#breadcrumb\"},\"inLanguage\":\"en-US\",\"potentialAction\":[{\"@type\":\"ReadAction\",\"target\":[\"https:\\\/\\\/adq.com.co\\\/politica-de-gestion\\\/\"]}]},{\"@type\":\"ImageObject\",\"inLanguage\":\"en-US\",\"@id\":\"https:\\\/\\\/adq.com.co\\\/politica-de-gestion\\\/#primaryimage\",\"url\":\"https:\\\/\\\/adq.com.co\\\/wp-content\\\/uploads\\\/2025\\\/05\\\/ChatGPT-Image-6-may-2025-03_14_43-p.m.png\",\"contentUrl\":\"https:\\\/\\\/adq.com.co\\\/wp-content\\\/uploads\\\/2025\\\/05\\\/ChatGPT-Image-6-may-2025-03_14_43-p.m.png\"},{\"@type\":\"BreadcrumbList\",\"@id\":\"https:\\\/\\\/adq.com.co\\\/politica-de-gestion\\\/#breadcrumb\",\"itemListElement\":[{\"@type\":\"ListItem\",\"position\":1,\"name\":\"Portada\",\"item\":\"https:\\\/\\\/adq.com.co\\\/\"},{\"@type\":\"ListItem\",\"position\":2,\"name\":\"Pol\u00edtica de Gesti\u00f3n\"}]},{\"@type\":\"WebSite\",\"@id\":\"https:\\\/\\\/adq.com.co\\\/#website\",\"url\":\"https:\\\/\\\/adq.com.co\\\/\",\"name\":\"Adq\",\"description\":\"Recubrimientos t\u00e9cnicos, morteros y soluciones qu\u00edmicas para la construcci\u00f3n e infraestructura.\",\"publisher\":{\"@id\":\"https:\\\/\\\/adq.com.co\\\/#organization\"},\"potentialAction\":[{\"@type\":\"SearchAction\",\"target\":{\"@type\":\"EntryPoint\",\"urlTemplate\":\"https:\\\/\\\/adq.com.co\\\/?s={search_term_string}\"},\"query-input\":{\"@type\":\"PropertyValueSpecification\",\"valueRequired\":true,\"valueName\":\"search_term_string\"}}],\"inLanguage\":\"en-US\"},{\"@type\":\"Organization\",\"@id\":\"https:\\\/\\\/adq.com.co\\\/#organization\",\"name\":\"Adq\",\"url\":\"https:\\\/\\\/adq.com.co\\\/\",\"logo\":{\"@type\":\"ImageObject\",\"inLanguage\":\"en-US\",\"@id\":\"https:\\\/\\\/adq.com.co\\\/#\\\/schema\\\/logo\\\/image\\\/\",\"url\":\"https:\\\/\\\/adq.com.co\\\/wp-content\\\/uploads\\\/2025\\\/04\\\/cropped-Logo-ADQ.jpg\",\"contentUrl\":\"https:\\\/\\\/adq.com.co\\\/wp-content\\\/uploads\\\/2025\\\/04\\\/cropped-Logo-ADQ.jpg\",\"width\":198,\"height\":89,\"caption\":\"Adq\"},\"image\":{\"@id\":\"https:\\\/\\\/adq.com.co\\\/#\\\/schema\\\/logo\\\/image\\\/\"}}]}<\/script>\n<!-- \/ Yoast SEO plugin. -->","yoast_head_json":{"title":"Pol\u00edtica de Gesti\u00f3n - Adq","robots":{"index":"index","follow":"follow","max-snippet":"max-snippet:-1","max-image-preview":"max-image-preview:large","max-video-preview":"max-video-preview:-1"},"canonical":"https:\/\/adq.com.co\/en\/politica-de-gestion\/","og_locale":"en_US","og_type":"article","og_title":"Pol\u00edtica de Gesti\u00f3n - Adq","og_description":"Pol\u00edtica de Gesti\u00f3n Adq S.A.S Cooperamos para innovar &#8211; Innovamos para transformar En Adq creemos que hacer las cosas bien va m\u00e1s all\u00e1 de cumplir normas o procesos. Es una manera de vivir los valores, de construir relaciones honestas y duraderas, y de aportar, con lo que hacemos, al bienestar de las personas y al [&hellip;]","og_url":"https:\/\/adq.com.co\/en\/politica-de-gestion\/","og_site_name":"Adq","article_modified_time":"2025-05-06T20:18:32+00:00","og_image":[{"width":1024,"height":1024,"url":"https:\/\/adq.com.co\/wp-content\/uploads\/2025\/05\/ChatGPT-Image-6-may-2025-03_14_43-p.m.png","type":"image\/png"}],"twitter_card":"summary_large_image","twitter_misc":{"Est. reading time":"1 minute"},"schema":{"@context":"https:\/\/schema.org","@graph":[{"@type":"WebPage","@id":"https:\/\/adq.com.co\/politica-de-gestion\/","url":"https:\/\/adq.com.co\/politica-de-gestion\/","name":"Pol\u00edtica de Gesti\u00f3n - Adq","isPartOf":{"@id":"https:\/\/adq.com.co\/#website"},"primaryImageOfPage":{"@id":"https:\/\/adq.com.co\/politica-de-gestion\/#primaryimage"},"image":{"@id":"https:\/\/adq.com.co\/politica-de-gestion\/#primaryimage"},"thumbnailUrl":"https:\/\/adq.com.co\/wp-content\/uploads\/2025\/05\/ChatGPT-Image-6-may-2025-03_14_43-p.m.png","datePublished":"2025-05-06T19:27:22+00:00","dateModified":"2025-05-06T20:18:32+00:00","breadcrumb":{"@id":"https:\/\/adq.com.co\/politica-de-gestion\/#breadcrumb"},"inLanguage":"en-US","potentialAction":[{"@type":"ReadAction","target":["https:\/\/adq.com.co\/politica-de-gestion\/"]}]},{"@type":"ImageObject","inLanguage":"en-US","@id":"https:\/\/adq.com.co\/politica-de-gestion\/#primaryimage","url":"https:\/\/adq.com.co\/wp-content\/uploads\/2025\/05\/ChatGPT-Image-6-may-2025-03_14_43-p.m.png","contentUrl":"https:\/\/adq.com.co\/wp-content\/uploads\/2025\/05\/ChatGPT-Image-6-may-2025-03_14_43-p.m.png"},{"@type":"BreadcrumbList","@id":"https:\/\/adq.com.co\/politica-de-gestion\/#breadcrumb","itemListElement":[{"@type":"ListItem","position":1,"name":"Portada","item":"https:\/\/adq.com.co\/"},{"@type":"ListItem","position":2,"name":"Pol\u00edtica de Gesti\u00f3n"}]},{"@type":"WebSite","@id":"https:\/\/adq.com.co\/#website","url":"https:\/\/adq.com.co\/","name":"Adq","description":"Recubrimientos t\u00e9cnicos, morteros y soluciones qu\u00edmicas para la construcci\u00f3n e infraestructura.","publisher":{"@id":"https:\/\/adq.com.co\/#organization"},"potentialAction":[{"@type":"SearchAction","target":{"@type":"EntryPoint","urlTemplate":"https:\/\/adq.com.co\/?s={search_term_string}"},"query-input":{"@type":"PropertyValueSpecification","valueRequired":true,"valueName":"search_term_string"}}],"inLanguage":"en-US"},{"@type":"Organization","@id":"https:\/\/adq.com.co\/#organization","name":"Adq","url":"https:\/\/adq.com.co\/","logo":{"@type":"ImageObject","inLanguage":"en-US","@id":"https:\/\/adq.com.co\/#\/schema\/logo\/image\/","url":"https:\/\/adq.com.co\/wp-content\/uploads\/2025\/04\/cropped-Logo-ADQ.jpg","contentUrl":"https:\/\/adq.com.co\/wp-content\/uploads\/2025\/04\/cropped-Logo-ADQ.jpg","width":198,"height":89,"caption":"Adq"},"image":{"@id":"https:\/\/adq.com.co\/#\/schema\/logo\/image\/"}}]}},"_links":{"self":[{"href":"https:\/\/adq.com.co\/en\/wp-json\/wp\/v2\/pages\/1454","targetHints":{"allow":["GET"]}}],"collection":[{"href":"https:\/\/adq.com.co\/en\/wp-json\/wp\/v2\/pages"}],"about":[{"href":"https:\/\/adq.com.co\/en\/wp-json\/wp\/v2\/types\/page"}],"author":[{"embeddable":true,"href":"https:\/\/adq.com.co\/en\/wp-json\/wp\/v2\/users\/1"}],"replies":[{"embeddable":true,"href":"https:\/\/adq.com.co\/en\/wp-json\/wp\/v2\/comments?post=1454"}],"version-history":[{"count":9,"href":"https:\/\/adq.com.co\/en\/wp-json\/wp\/v2\/pages\/1454\/revisions"}],"predecessor-version":[{"id":1490,"href":"https:\/\/adq.com.co\/en\/wp-json\/wp\/v2\/pages\/1454\/revisions\/1490"}],"wp:attachment":[{"href":"https:\/\/adq.com.co\/en\/wp-json\/wp\/v2\/media?parent=1454"}],"curies":[{"name":"wp","href":"https:\/\/api.w.org\/{rel}","templated":true}]}}