{"id":1393,"date":"2025-05-06T11:41:22","date_gmt":"2025-05-06T14:11:22","guid":{"rendered":"https:\/\/adq.com.co\/?page_id=1393"},"modified":"2026-02-17T16:28:15","modified_gmt":"2026-02-17T18:58:15","slug":"fabricacion-y-maquila","status":"publish","type":"page","link":"https:\/\/adq.com.co\/en\/fabricacion-y-maquila\/","title":{"rendered":"Manufacturing"},"content":{"rendered":"<div class=\"wp-block-stackable-columns alignwide stk-block-columns stk-block stk-7582e52\" data-block-id=\"7582e52\"><div class=\"stk-row stk-inner-blocks stk-block-content stk-content-align stk-7582e52-column alignwide\">\n<div class=\"wp-block-stackable-column stk-block-column stk-column stk-block stk-e042a60\" data-v=\"4\" data-block-id=\"e042a60\"><div class=\"stk-column-wrapper stk-block-column__content stk-container stk-e042a60-container stk--no-background stk--no-padding\"><div class=\"stk-block-content stk-inner-blocks stk-e042a60-inner-blocks\">\n<div class=\"wp-block-stackable-columns stk-block-columns stk-block stk-dd476c8\" data-block-id=\"dd476c8\"><style>.stk-dd476c8 {margin-bottom:48px !important;}.stk-dd476c8-column{--stk-column-gap:48px !important;}<\/style><div class=\"stk-row stk-inner-blocks stk-block-content stk-content-align stk-dd476c8-column\">\n<div class=\"wp-block-stackable-column stk-block-column stk-column stk-block stk-d007545\" data-v=\"4\" data-block-id=\"d007545\"><div class=\"stk-column-wrapper stk-block-column__content stk-container stk-d007545-container stk--no-background stk--no-padding\"><div class=\"stk-block-content stk-inner-blocks stk-d007545-inner-blocks\">\n<div class=\"wp-block-stackable-image stk-block-image stk-block stk-3e25791\" data-block-id=\"3e25791\"><style>.stk-3e25791 .stk-img-wrapper{height:500px !important;}<\/style><figure><span class=\"stk-img-wrapper stk-image--shape-stretch\"><img loading=\"lazy\" decoding=\"async\" class=\"stk-img wp-image-1404\" src=\"https:\/\/adq.com.co\/wp-content\/uploads\/2025\/05\/ChatGPT-Image-6-may-2025-09_22_31-a.m.png\" width=\"1024\" height=\"1024\" srcset=\"https:\/\/adq.com.co\/wp-content\/uploads\/2025\/05\/ChatGPT-Image-6-may-2025-09_22_31-a.m.png 1024w, https:\/\/adq.com.co\/wp-content\/uploads\/2025\/05\/ChatGPT-Image-6-may-2025-09_22_31-a.m-300x300.png 300w, https:\/\/adq.com.co\/wp-content\/uploads\/2025\/05\/ChatGPT-Image-6-may-2025-09_22_31-a.m-150x150.png 150w, https:\/\/adq.com.co\/wp-content\/uploads\/2025\/05\/ChatGPT-Image-6-may-2025-09_22_31-a.m-768x768.png 768w\" sizes=\"auto, (max-width: 1024px) 100vw, 1024px\" \/><\/span><\/figure><\/div>\n<\/div><\/div><\/div>\n\n\n\n<div class=\"wp-block-stackable-column stk-block-column stk-column stk-block stk-ddbd6bc\" data-v=\"4\" data-block-id=\"ddbd6bc\"><style>.stk-ddbd6bc-inner-blocks{justify-content:center !important;}.stk-ddbd6bc-container{display:flex !important;}<\/style><div class=\"stk-column-wrapper stk-block-column__content stk-container stk-ddbd6bc-container stk--no-background stk--no-padding\"><div class=\"stk-block-content stk-inner-blocks stk-ddbd6bc-inner-blocks\">\n<div class=\"wp-block-stackable-heading stk-block-heading stk-block-heading--v2 stk-block stk-bbc6e6e\" id=\"fabricacion-y-maquila\" data-block-id=\"bbc6e6e\"><style>.stk-bbc6e6e .stk-block-heading__text{font-family:\"t\", Sans-serif !important;}<\/style><h2 class=\"stk-block-heading__text\">Manufacturing<\/h2><\/div>\n\n\n\n<div class=\"wp-block-stackable-text stk-block-text stk-block stk-cea8c58\" data-block-id=\"cea8c58\"><style>.stk-cea8c58 .stk-block-text__text{font-family:\"t\", Sans-serif !important;}<\/style><p class=\"stk-block-text__text has-text-align-justify\">En Adq fabricamos y maquilamos mezclas secas en polvo para diversas aplicaciones en el sector de la construcci\u00f3n. Adaptamos cada formulaci\u00f3n a las necesidades del cliente, garantizando calidad, trazabilidad y eficiencia en los procesos. Somos completamente responsables y respetuosos del manejo confidencial de las f\u00f3rmulas, tanto propias como de nuestros aliados, asegurando un servicio seguro, profesional y alineado con los m\u00e1s altos est\u00e1ndares t\u00e9cnicos e industriales.<\/p><\/div>\n<\/div><\/div><\/div>\n<\/div><\/div>\n<\/div><\/div><\/div>\n<\/div><\/div>","protected":false},"excerpt":{"rendered":"<p>Fabricaci\u00f3n y Maquila En Adq fabricamos y maquilamos mezclas secas en polvo para diversas aplicaciones en el sector de la construcci\u00f3n. Adaptamos cada formulaci\u00f3n a las necesidades del cliente, garantizando calidad, trazabilidad y eficiencia en los procesos. Somos completamente responsables y respetuosos del manejo confidencial de las f\u00f3rmulas, tanto propias como de nuestros aliados, asegurando [&hellip;]<\/p>\n","protected":false},"author":1,"featured_media":0,"parent":0,"menu_order":0,"comment_status":"closed","ping_status":"closed","template":"","meta":{"_coblocks_attr":"","_coblocks_dimensions":"","_coblocks_responsive_height":"","_coblocks_accordion_ie_support":"","_joinchat":[],"footnotes":""},"class_list":["post-1393","page","type-page","status-publish","hentry"],"blocksy_meta":[],"yoast_head":"<!-- This site is optimized with the Yoast SEO plugin v27.6 - https:\/\/yoast.com\/product\/yoast-seo-wordpress\/ -->\n<title>Fabricaci\u00f3n y Maquila - Adq<\/title>\n<meta name=\"robots\" content=\"index, follow, max-snippet:-1, max-image-preview:large, max-video-preview:-1\" \/>\n<link rel=\"canonical\" href=\"https:\/\/adq.com.co\/en\/fabricacion-y-maquila\/\" \/>\n<meta property=\"og:locale\" content=\"en_US\" \/>\n<meta property=\"og:type\" content=\"article\" \/>\n<meta property=\"og:title\" content=\"Fabricaci\u00f3n y Maquila - Adq\" \/>\n<meta property=\"og:description\" content=\"Fabricaci\u00f3n y Maquila En Adq fabricamos y maquilamos mezclas secas en polvo para diversas aplicaciones en el sector de la construcci\u00f3n. Adaptamos cada formulaci\u00f3n a las necesidades del cliente, garantizando calidad, trazabilidad y eficiencia en los procesos. Somos completamente responsables y respetuosos del manejo confidencial de las f\u00f3rmulas, tanto propias como de nuestros aliados, asegurando [&hellip;]\" \/>\n<meta property=\"og:url\" content=\"https:\/\/adq.com.co\/en\/fabricacion-y-maquila\/\" \/>\n<meta property=\"og:site_name\" content=\"Adq\" \/>\n<meta property=\"article:modified_time\" content=\"2026-02-17T18:58:15+00:00\" \/>\n<meta property=\"og:image\" content=\"https:\/\/adq.com.co\/wp-content\/uploads\/2025\/05\/ChatGPT-Image-6-may-2025-09_22_31-a.m.png\" \/>\n\t<meta property=\"og:image:width\" content=\"1024\" \/>\n\t<meta property=\"og:image:height\" content=\"1024\" \/>\n\t<meta property=\"og:image:type\" content=\"image\/png\" \/>\n<meta name=\"twitter:card\" content=\"summary_large_image\" \/>\n<meta name=\"twitter:label1\" content=\"Est. reading time\" \/>\n\t<meta name=\"twitter:data1\" content=\"1 minute\" \/>\n<script type=\"application\/ld+json\" class=\"yoast-schema-graph\">{\"@context\":\"https:\\\/\\\/schema.org\",\"@graph\":[{\"@type\":\"WebPage\",\"@id\":\"https:\\\/\\\/adq.com.co\\\/fabricacion-y-maquila\\\/\",\"url\":\"https:\\\/\\\/adq.com.co\\\/fabricacion-y-maquila\\\/\",\"name\":\"Fabricaci\u00f3n y Maquila - Adq\",\"isPartOf\":{\"@id\":\"https:\\\/\\\/adq.com.co\\\/#website\"},\"primaryImageOfPage\":{\"@id\":\"https:\\\/\\\/adq.com.co\\\/fabricacion-y-maquila\\\/#primaryimage\"},\"image\":{\"@id\":\"https:\\\/\\\/adq.com.co\\\/fabricacion-y-maquila\\\/#primaryimage\"},\"thumbnailUrl\":\"https:\\\/\\\/adq.com.co\\\/wp-content\\\/uploads\\\/2025\\\/05\\\/ChatGPT-Image-6-may-2025-09_22_31-a.m.png\",\"datePublished\":\"2025-05-06T14:11:22+00:00\",\"dateModified\":\"2026-02-17T18:58:15+00:00\",\"breadcrumb\":{\"@id\":\"https:\\\/\\\/adq.com.co\\\/fabricacion-y-maquila\\\/#breadcrumb\"},\"inLanguage\":\"en-US\",\"potentialAction\":[{\"@type\":\"ReadAction\",\"target\":[\"https:\\\/\\\/adq.com.co\\\/fabricacion-y-maquila\\\/\"]}]},{\"@type\":\"ImageObject\",\"inLanguage\":\"en-US\",\"@id\":\"https:\\\/\\\/adq.com.co\\\/fabricacion-y-maquila\\\/#primaryimage\",\"url\":\"https:\\\/\\\/adq.com.co\\\/wp-content\\\/uploads\\\/2025\\\/05\\\/ChatGPT-Image-6-may-2025-09_22_31-a.m.png\",\"contentUrl\":\"https:\\\/\\\/adq.com.co\\\/wp-content\\\/uploads\\\/2025\\\/05\\\/ChatGPT-Image-6-may-2025-09_22_31-a.m.png\"},{\"@type\":\"BreadcrumbList\",\"@id\":\"https:\\\/\\\/adq.com.co\\\/fabricacion-y-maquila\\\/#breadcrumb\",\"itemListElement\":[{\"@type\":\"ListItem\",\"position\":1,\"name\":\"Portada\",\"item\":\"https:\\\/\\\/adq.com.co\\\/\"},{\"@type\":\"ListItem\",\"position\":2,\"name\":\"Fabricaci\u00f3n y Maquila\"}]},{\"@type\":\"WebSite\",\"@id\":\"https:\\\/\\\/adq.com.co\\\/#website\",\"url\":\"https:\\\/\\\/adq.com.co\\\/\",\"name\":\"Adq\",\"description\":\"Recubrimientos t\u00e9cnicos, morteros y soluciones qu\u00edmicas para la construcci\u00f3n e infraestructura.\",\"publisher\":{\"@id\":\"https:\\\/\\\/adq.com.co\\\/#organization\"},\"potentialAction\":[{\"@type\":\"SearchAction\",\"target\":{\"@type\":\"EntryPoint\",\"urlTemplate\":\"https:\\\/\\\/adq.com.co\\\/?s={search_term_string}\"},\"query-input\":{\"@type\":\"PropertyValueSpecification\",\"valueRequired\":true,\"valueName\":\"search_term_string\"}}],\"inLanguage\":\"en-US\"},{\"@type\":\"Organization\",\"@id\":\"https:\\\/\\\/adq.com.co\\\/#organization\",\"name\":\"Adq\",\"url\":\"https:\\\/\\\/adq.com.co\\\/\",\"logo\":{\"@type\":\"ImageObject\",\"inLanguage\":\"en-US\",\"@id\":\"https:\\\/\\\/adq.com.co\\\/#\\\/schema\\\/logo\\\/image\\\/\",\"url\":\"https:\\\/\\\/adq.com.co\\\/wp-content\\\/uploads\\\/2025\\\/04\\\/cropped-Logo-ADQ.jpg\",\"contentUrl\":\"https:\\\/\\\/adq.com.co\\\/wp-content\\\/uploads\\\/2025\\\/04\\\/cropped-Logo-ADQ.jpg\",\"width\":198,\"height\":89,\"caption\":\"Adq\"},\"image\":{\"@id\":\"https:\\\/\\\/adq.com.co\\\/#\\\/schema\\\/logo\\\/image\\\/\"}}]}<\/script>\n<!-- \/ Yoast SEO plugin. -->","yoast_head_json":{"title":"Fabricaci\u00f3n y Maquila - Adq","robots":{"index":"index","follow":"follow","max-snippet":"max-snippet:-1","max-image-preview":"max-image-preview:large","max-video-preview":"max-video-preview:-1"},"canonical":"https:\/\/adq.com.co\/en\/fabricacion-y-maquila\/","og_locale":"en_US","og_type":"article","og_title":"Fabricaci\u00f3n y Maquila - Adq","og_description":"Fabricaci\u00f3n y Maquila En Adq fabricamos y maquilamos mezclas secas en polvo para diversas aplicaciones en el sector de la construcci\u00f3n. Adaptamos cada formulaci\u00f3n a las necesidades del cliente, garantizando calidad, trazabilidad y eficiencia en los procesos. Somos completamente responsables y respetuosos del manejo confidencial de las f\u00f3rmulas, tanto propias como de nuestros aliados, asegurando [&hellip;]","og_url":"https:\/\/adq.com.co\/en\/fabricacion-y-maquila\/","og_site_name":"Adq","article_modified_time":"2026-02-17T18:58:15+00:00","og_image":[{"width":1024,"height":1024,"url":"https:\/\/adq.com.co\/wp-content\/uploads\/2025\/05\/ChatGPT-Image-6-may-2025-09_22_31-a.m.png","type":"image\/png"}],"twitter_card":"summary_large_image","twitter_misc":{"Est. reading time":"1 minute"},"schema":{"@context":"https:\/\/schema.org","@graph":[{"@type":"WebPage","@id":"https:\/\/adq.com.co\/fabricacion-y-maquila\/","url":"https:\/\/adq.com.co\/fabricacion-y-maquila\/","name":"Fabricaci\u00f3n y Maquila - Adq","isPartOf":{"@id":"https:\/\/adq.com.co\/#website"},"primaryImageOfPage":{"@id":"https:\/\/adq.com.co\/fabricacion-y-maquila\/#primaryimage"},"image":{"@id":"https:\/\/adq.com.co\/fabricacion-y-maquila\/#primaryimage"},"thumbnailUrl":"https:\/\/adq.com.co\/wp-content\/uploads\/2025\/05\/ChatGPT-Image-6-may-2025-09_22_31-a.m.png","datePublished":"2025-05-06T14:11:22+00:00","dateModified":"2026-02-17T18:58:15+00:00","breadcrumb":{"@id":"https:\/\/adq.com.co\/fabricacion-y-maquila\/#breadcrumb"},"inLanguage":"en-US","potentialAction":[{"@type":"ReadAction","target":["https:\/\/adq.com.co\/fabricacion-y-maquila\/"]}]},{"@type":"ImageObject","inLanguage":"en-US","@id":"https:\/\/adq.com.co\/fabricacion-y-maquila\/#primaryimage","url":"https:\/\/adq.com.co\/wp-content\/uploads\/2025\/05\/ChatGPT-Image-6-may-2025-09_22_31-a.m.png","contentUrl":"https:\/\/adq.com.co\/wp-content\/uploads\/2025\/05\/ChatGPT-Image-6-may-2025-09_22_31-a.m.png"},{"@type":"BreadcrumbList","@id":"https:\/\/adq.com.co\/fabricacion-y-maquila\/#breadcrumb","itemListElement":[{"@type":"ListItem","position":1,"name":"Portada","item":"https:\/\/adq.com.co\/"},{"@type":"ListItem","position":2,"name":"Fabricaci\u00f3n y Maquila"}]},{"@type":"WebSite","@id":"https:\/\/adq.com.co\/#website","url":"https:\/\/adq.com.co\/","name":"Adq","description":"Recubrimientos t\u00e9cnicos, morteros y soluciones qu\u00edmicas para la construcci\u00f3n e infraestructura.","publisher":{"@id":"https:\/\/adq.com.co\/#organization"},"potentialAction":[{"@type":"SearchAction","target":{"@type":"EntryPoint","urlTemplate":"https:\/\/adq.com.co\/?s={search_term_string}"},"query-input":{"@type":"PropertyValueSpecification","valueRequired":true,"valueName":"search_term_string"}}],"inLanguage":"en-US"},{"@type":"Organization","@id":"https:\/\/adq.com.co\/#organization","name":"Adq","url":"https:\/\/adq.com.co\/","logo":{"@type":"ImageObject","inLanguage":"en-US","@id":"https:\/\/adq.com.co\/#\/schema\/logo\/image\/","url":"https:\/\/adq.com.co\/wp-content\/uploads\/2025\/04\/cropped-Logo-ADQ.jpg","contentUrl":"https:\/\/adq.com.co\/wp-content\/uploads\/2025\/04\/cropped-Logo-ADQ.jpg","width":198,"height":89,"caption":"Adq"},"image":{"@id":"https:\/\/adq.com.co\/#\/schema\/logo\/image\/"}}]}},"_links":{"self":[{"href":"https:\/\/adq.com.co\/en\/wp-json\/wp\/v2\/pages\/1393","targetHints":{"allow":["GET"]}}],"collection":[{"href":"https:\/\/adq.com.co\/en\/wp-json\/wp\/v2\/pages"}],"about":[{"href":"https:\/\/adq.com.co\/en\/wp-json\/wp\/v2\/types\/page"}],"author":[{"embeddable":true,"href":"https:\/\/adq.com.co\/en\/wp-json\/wp\/v2\/users\/1"}],"replies":[{"embeddable":true,"href":"https:\/\/adq.com.co\/en\/wp-json\/wp\/v2\/comments?post=1393"}],"version-history":[{"count":12,"href":"https:\/\/adq.com.co\/en\/wp-json\/wp\/v2\/pages\/1393\/revisions"}],"predecessor-version":[{"id":1784,"href":"https:\/\/adq.com.co\/en\/wp-json\/wp\/v2\/pages\/1393\/revisions\/1784"}],"wp:attachment":[{"href":"https:\/\/adq.com.co\/en\/wp-json\/wp\/v2\/media?parent=1393"}],"curies":[{"name":"wp","href":"https:\/\/api.w.org\/{rel}","templated":true}]}}