{"id":1391,"date":"2025-05-06T11:41:03","date_gmt":"2025-05-06T14:11:03","guid":{"rendered":"https:\/\/adq.com.co\/?page_id=1391"},"modified":"2025-05-06T12:39:33","modified_gmt":"2025-05-06T15:09:33","slug":"servicios-de-laboratorio","status":"publish","type":"page","link":"https:\/\/adq.com.co\/en\/servicios-de-laboratorio\/","title":{"rendered":"Laboratory Services"},"content":{"rendered":"<div class=\"wp-block-stackable-columns alignwide stk-block-columns stk-block stk-26773e6\" data-block-id=\"26773e6\"><div class=\"stk-row stk-inner-blocks stk-block-content stk-content-align stk-26773e6-column alignwide\">\n<div class=\"wp-block-stackable-column stk-block-column stk-column stk-block stk-cb673ea stk-block-background\" data-v=\"4\" data-block-id=\"cb673ea\"><style>.stk-cb673ea-container{padding-top:48px !important;padding-right:48px !important;padding-bottom:48px !important;padding-left:48px !important;}@media screen and (max-width:689px){.stk-cb673ea-container{padding-top:24px !important;padding-right:24px !important;padding-bottom:24px !important;padding-left:24px !important;}}<\/style><div class=\"stk-column-wrapper stk-block-column__content stk-container stk-cb673ea-container stk--no-background stk--no-padding\"><div class=\"stk-block-content stk-inner-blocks stk-cb673ea-inner-blocks\">\n<div class=\"wp-block-stackable-columns stk-block-columns stk-block stk-5d898c1\" data-block-id=\"5d898c1\"><style>.stk-5d898c1-column{--stk-column-gap:48px !important;row-gap:32px !important;}<\/style><div class=\"stk-row stk-inner-blocks stk-block-content stk-content-align stk-5d898c1-column\">\n<div class=\"wp-block-stackable-column stk-block-column stk-column stk-block stk-6575097\" data-v=\"4\" data-block-id=\"6575097\"><style>.stk-6575097-container{margin-top:0px !important;margin-right:0px !important;margin-bottom:0px !important;margin-left:0px !important;padding-top:0px !important;padding-right:0px !important;padding-bottom:0px !important;padding-left:0px !important;display:flex !important;}.stk-6575097-inner-blocks{justify-content:center !important;}@media screen and (min-width:690px) and (max-width:999px){.stk-6575097 {flex:var(--stk-flex-grow, 1) 1 calc(100% - var(--stk-column-gap, 0px) * 0 \/ 1 ) !important;}}<\/style><div class=\"stk-column-wrapper stk-block-column__content stk-container stk-6575097-container stk--no-background stk--no-padding\"><div class=\"stk-block-content stk-inner-blocks stk-6575097-inner-blocks\">\n<div class=\"wp-block-stackable-heading stk-block-heading stk-block-heading--v2 stk-block stk-5403bf9\" id=\"servicios-de-laboratorio\" data-block-id=\"5403bf9\"><style>.stk-5403bf9 .stk-block-heading__text{font-family:\"t\", Sans-serif !important;}<\/style><h2 class=\"stk-block-heading__text\">Laboratory Services<\/h2><\/div>\n\n\n\n<div class=\"wp-block-stackable-text stk-block-text stk-block stk-e5f1bb3\" data-block-id=\"e5f1bb3\"><p class=\"stk-block-text__text has-text-align-justify\">Our laboratory offers services in innovation, research, and development, with capabilities to perform tests under the following standards: NTC 1335 (water-based emulsion paints) NTC 1360 (road marking paints) NTC 6050 (joint mortars) NTC 111 (flow tests) NTC 220:2021 (compressive strength of hydraulic cement mortars) We provide reliable solutions for product development, validation, and quality control.<\/p><\/div>\n\n\n\n<div class=\"wp-block-stackable-icon-list stk-block-icon-list stk-block stk-37bdf5e\" data-block-id=\"37bdf5e\"><style>.stk-37bdf5e .stk-block-icon-list-item__content{gap:6px !important;}.stk-37bdf5e {--stk-icon-list-column-count:3 !important;--stk-icon-list-icon-size:2px !important;}@media screen and (max-width:689px){.stk-37bdf5e {--stk-icon-list-column-count:1 !important;}}<\/style><svg style=\"display:none\"><defs><g id=\"stk-icon-list__icon-svg-def-37bdf5e\"><svg aria-hidden=\"true\" data-prefix=\"fas\" data-icon=\"check-circle\" class=\"svg-inline--fa fa-check-circle fa-w-16\" role=\"img\" xmlns=\"http:\/\/www.w3.org\/2000\/svg\" viewbox=\"0 0 512 512\"><path fill=\"currentColor\" d=\"M504 256c0 136.967-111.033 248-248 248S8 392.967 8 256 119.033 8 256 8s248 111.033 248 248zM227.314 387.314l184-184c6.248-6.248 6.248-16.379 0-22.627l-22.627-22.627c-6.248-6.249-16.379-6.249-22.628 0L216 308.118l-70.059-70.059c-6.248-6.248-16.379-6.248-22.628 0l-22.627 22.627c-6.248 6.248-6.248 16.379 0 22.627l104 104c6.249 6.249 16.379 6.249 22.628.001z\"><\/path><\/svg><\/g><\/defs><\/svg><ul class=\"stk-block-icon-list__ul stk-block-icon-list--column\">\n<li class=\"wp-block-stackable-icon-list-item stk-block-icon-list-item stk-block stk-f27facc\" data-block-id=\"f27facc\"><div class=\"stk-block-icon-list-item__content\"><span class=\"stk--svg-wrapper\"><div class=\"stk--inner-svg\"><svg aria-hidden=\"true\" width=\"32\" height=\"32\"><use xlink:href=\"#stk-icon-list__icon-svg-def-37bdf5e\"><\/use><\/svg><\/div><\/span><span class=\"stk-block-icon-list-item__text\"><\/span><\/div><\/li>\n<\/ul><\/div>\n<\/div><\/div><\/div>\n\n\n\n<div class=\"wp-block-stackable-column stk-block-column stk-column stk-block stk-d89d1a2\" data-v=\"4\" data-block-id=\"d89d1a2\"><style>.stk-d89d1a2-container{margin-top:0px !important;margin-right:0px !important;margin-bottom:0px !important;margin-left:0px !important;padding-top:0px !important;padding-right:0px !important;padding-bottom:0px !important;padding-left:0px !important;}@media screen and (min-width:690px) and (max-width:999px){.stk-d89d1a2 {flex:var(--stk-flex-grow, 1) 1 calc(100% - var(--stk-column-gap, 0px) * 0 \/ 1 ) !important;}}<\/style><div class=\"stk-column-wrapper stk-block-column__content stk-container stk-d89d1a2-container stk--no-background stk--no-padding\"><div class=\"stk-block-content stk-inner-blocks stk-d89d1a2-inner-blocks\">\n<div class=\"wp-block-stackable-image stk-block-image stk-block stk-2077984\" data-block-id=\"2077984\"><style>.stk-2077984 .stk-img-wrapper{height:500px !important;}<\/style><figure><span class=\"stk-img-wrapper stk-image--shape-stretch\"><img loading=\"lazy\" decoding=\"async\" class=\"stk-img wp-image-1385\" src=\"https:\/\/adq.com.co\/wp-content\/uploads\/2025\/05\/ChatGPT-Image-6-may-2025-08_58_05-a.m.png\" width=\"1536\" height=\"1024\" srcset=\"https:\/\/adq.com.co\/wp-content\/uploads\/2025\/05\/ChatGPT-Image-6-may-2025-08_58_05-a.m.png 1536w, https:\/\/adq.com.co\/wp-content\/uploads\/2025\/05\/ChatGPT-Image-6-may-2025-08_58_05-a.m-300x200.png 300w, https:\/\/adq.com.co\/wp-content\/uploads\/2025\/05\/ChatGPT-Image-6-may-2025-08_58_05-a.m-1024x683.png 1024w, https:\/\/adq.com.co\/wp-content\/uploads\/2025\/05\/ChatGPT-Image-6-may-2025-08_58_05-a.m-768x512.png 768w\" sizes=\"auto, (max-width: 1536px) 100vw, 1536px\" \/><\/span><\/figure><\/div>\n<\/div><\/div><\/div>\n<\/div><\/div>\n<\/div><\/div><\/div>\n<\/div><\/div>","protected":false},"excerpt":{"rendered":"<p>Servicios de Laboratorio En nuestro laboratorio ofrecemos servicios de innovaci\u00f3n, investigaci\u00f3n y desarrollo, con capacidad para realizar ensayos bajo la norma NTC 1335 (pinturas al agua tipo emulsi\u00f3n), NTC 1360 (demarcaci\u00f3n vial), as\u00ed como pruebas de morteros bajo la norma NTC 6050, NTC 111 (fluidez) y NTC 220:2021 (determinaci\u00f3n de la resistencia de morteros de [&hellip;]<\/p>\n","protected":false},"author":1,"featured_media":0,"parent":0,"menu_order":0,"comment_status":"closed","ping_status":"closed","template":"","meta":{"_coblocks_attr":"","_coblocks_dimensions":"","_coblocks_responsive_height":"","_coblocks_accordion_ie_support":"","_joinchat":[],"footnotes":""},"class_list":["post-1391","page","type-page","status-publish","hentry"],"blocksy_meta":[],"yoast_head":"<!-- This site is optimized with the Yoast SEO plugin v27.6 - https:\/\/yoast.com\/product\/yoast-seo-wordpress\/ -->\n<title>Servicios de laboratorio - Adq<\/title>\n<meta name=\"robots\" content=\"index, follow, max-snippet:-1, max-image-preview:large, max-video-preview:-1\" \/>\n<link rel=\"canonical\" href=\"https:\/\/adq.com.co\/en\/servicios-de-laboratorio\/\" \/>\n<meta property=\"og:locale\" content=\"en_US\" \/>\n<meta property=\"og:type\" content=\"article\" \/>\n<meta property=\"og:title\" content=\"Servicios de laboratorio - Adq\" \/>\n<meta property=\"og:description\" content=\"Servicios de Laboratorio En nuestro laboratorio ofrecemos servicios de innovaci\u00f3n, investigaci\u00f3n y desarrollo, con capacidad para realizar ensayos bajo la norma NTC 1335 (pinturas al agua tipo emulsi\u00f3n), NTC 1360 (demarcaci\u00f3n vial), as\u00ed como pruebas de morteros bajo la norma NTC 6050, NTC 111 (fluidez) y NTC 220:2021 (determinaci\u00f3n de la resistencia de morteros de [&hellip;]\" \/>\n<meta property=\"og:url\" content=\"https:\/\/adq.com.co\/en\/servicios-de-laboratorio\/\" \/>\n<meta property=\"og:site_name\" content=\"Adq\" \/>\n<meta property=\"article:modified_time\" content=\"2025-05-06T15:09:33+00:00\" \/>\n<meta property=\"og:image\" content=\"https:\/\/adq.com.co\/wp-content\/uploads\/2025\/05\/ChatGPT-Image-6-may-2025-08_58_05-a.m.png\" \/>\n\t<meta property=\"og:image:width\" content=\"1536\" \/>\n\t<meta property=\"og:image:height\" content=\"1024\" \/>\n\t<meta property=\"og:image:type\" content=\"image\/png\" \/>\n<meta name=\"twitter:card\" content=\"summary_large_image\" \/>\n<script type=\"application\/ld+json\" class=\"yoast-schema-graph\">{\"@context\":\"https:\\\/\\\/schema.org\",\"@graph\":[{\"@type\":\"WebPage\",\"@id\":\"https:\\\/\\\/adq.com.co\\\/servicios-de-laboratorio\\\/\",\"url\":\"https:\\\/\\\/adq.com.co\\\/servicios-de-laboratorio\\\/\",\"name\":\"Servicios de laboratorio - Adq\",\"isPartOf\":{\"@id\":\"https:\\\/\\\/adq.com.co\\\/#website\"},\"primaryImageOfPage\":{\"@id\":\"https:\\\/\\\/adq.com.co\\\/servicios-de-laboratorio\\\/#primaryimage\"},\"image\":{\"@id\":\"https:\\\/\\\/adq.com.co\\\/servicios-de-laboratorio\\\/#primaryimage\"},\"thumbnailUrl\":\"https:\\\/\\\/adq.com.co\\\/wp-content\\\/uploads\\\/2025\\\/05\\\/ChatGPT-Image-6-may-2025-08_58_05-a.m.png\",\"datePublished\":\"2025-05-06T14:11:03+00:00\",\"dateModified\":\"2025-05-06T15:09:33+00:00\",\"breadcrumb\":{\"@id\":\"https:\\\/\\\/adq.com.co\\\/servicios-de-laboratorio\\\/#breadcrumb\"},\"inLanguage\":\"en-US\",\"potentialAction\":[{\"@type\":\"ReadAction\",\"target\":[\"https:\\\/\\\/adq.com.co\\\/servicios-de-laboratorio\\\/\"]}]},{\"@type\":\"ImageObject\",\"inLanguage\":\"en-US\",\"@id\":\"https:\\\/\\\/adq.com.co\\\/servicios-de-laboratorio\\\/#primaryimage\",\"url\":\"https:\\\/\\\/adq.com.co\\\/wp-content\\\/uploads\\\/2025\\\/05\\\/ChatGPT-Image-6-may-2025-08_58_05-a.m.png\",\"contentUrl\":\"https:\\\/\\\/adq.com.co\\\/wp-content\\\/uploads\\\/2025\\\/05\\\/ChatGPT-Image-6-may-2025-08_58_05-a.m.png\"},{\"@type\":\"BreadcrumbList\",\"@id\":\"https:\\\/\\\/adq.com.co\\\/servicios-de-laboratorio\\\/#breadcrumb\",\"itemListElement\":[{\"@type\":\"ListItem\",\"position\":1,\"name\":\"Portada\",\"item\":\"https:\\\/\\\/adq.com.co\\\/\"},{\"@type\":\"ListItem\",\"position\":2,\"name\":\"Servicios de laboratorio\"}]},{\"@type\":\"WebSite\",\"@id\":\"https:\\\/\\\/adq.com.co\\\/#website\",\"url\":\"https:\\\/\\\/adq.com.co\\\/\",\"name\":\"Adq\",\"description\":\"Recubrimientos t\u00e9cnicos, morteros y soluciones qu\u00edmicas para la construcci\u00f3n e infraestructura.\",\"publisher\":{\"@id\":\"https:\\\/\\\/adq.com.co\\\/#organization\"},\"potentialAction\":[{\"@type\":\"SearchAction\",\"target\":{\"@type\":\"EntryPoint\",\"urlTemplate\":\"https:\\\/\\\/adq.com.co\\\/?s={search_term_string}\"},\"query-input\":{\"@type\":\"PropertyValueSpecification\",\"valueRequired\":true,\"valueName\":\"search_term_string\"}}],\"inLanguage\":\"en-US\"},{\"@type\":\"Organization\",\"@id\":\"https:\\\/\\\/adq.com.co\\\/#organization\",\"name\":\"Adq\",\"url\":\"https:\\\/\\\/adq.com.co\\\/\",\"logo\":{\"@type\":\"ImageObject\",\"inLanguage\":\"en-US\",\"@id\":\"https:\\\/\\\/adq.com.co\\\/#\\\/schema\\\/logo\\\/image\\\/\",\"url\":\"https:\\\/\\\/adq.com.co\\\/wp-content\\\/uploads\\\/2025\\\/04\\\/cropped-Logo-ADQ.jpg\",\"contentUrl\":\"https:\\\/\\\/adq.com.co\\\/wp-content\\\/uploads\\\/2025\\\/04\\\/cropped-Logo-ADQ.jpg\",\"width\":198,\"height\":89,\"caption\":\"Adq\"},\"image\":{\"@id\":\"https:\\\/\\\/adq.com.co\\\/#\\\/schema\\\/logo\\\/image\\\/\"}}]}<\/script>\n<!-- \/ Yoast SEO plugin. -->","yoast_head_json":{"title":"Servicios de laboratorio - Adq","robots":{"index":"index","follow":"follow","max-snippet":"max-snippet:-1","max-image-preview":"max-image-preview:large","max-video-preview":"max-video-preview:-1"},"canonical":"https:\/\/adq.com.co\/en\/servicios-de-laboratorio\/","og_locale":"en_US","og_type":"article","og_title":"Servicios de laboratorio - Adq","og_description":"Servicios de Laboratorio En nuestro laboratorio ofrecemos servicios de innovaci\u00f3n, investigaci\u00f3n y desarrollo, con capacidad para realizar ensayos bajo la norma NTC 1335 (pinturas al agua tipo emulsi\u00f3n), NTC 1360 (demarcaci\u00f3n vial), as\u00ed como pruebas de morteros bajo la norma NTC 6050, NTC 111 (fluidez) y NTC 220:2021 (determinaci\u00f3n de la resistencia de morteros de [&hellip;]","og_url":"https:\/\/adq.com.co\/en\/servicios-de-laboratorio\/","og_site_name":"Adq","article_modified_time":"2025-05-06T15:09:33+00:00","og_image":[{"width":1536,"height":1024,"url":"https:\/\/adq.com.co\/wp-content\/uploads\/2025\/05\/ChatGPT-Image-6-may-2025-08_58_05-a.m.png","type":"image\/png"}],"twitter_card":"summary_large_image","schema":{"@context":"https:\/\/schema.org","@graph":[{"@type":"WebPage","@id":"https:\/\/adq.com.co\/servicios-de-laboratorio\/","url":"https:\/\/adq.com.co\/servicios-de-laboratorio\/","name":"Servicios de laboratorio - Adq","isPartOf":{"@id":"https:\/\/adq.com.co\/#website"},"primaryImageOfPage":{"@id":"https:\/\/adq.com.co\/servicios-de-laboratorio\/#primaryimage"},"image":{"@id":"https:\/\/adq.com.co\/servicios-de-laboratorio\/#primaryimage"},"thumbnailUrl":"https:\/\/adq.com.co\/wp-content\/uploads\/2025\/05\/ChatGPT-Image-6-may-2025-08_58_05-a.m.png","datePublished":"2025-05-06T14:11:03+00:00","dateModified":"2025-05-06T15:09:33+00:00","breadcrumb":{"@id":"https:\/\/adq.com.co\/servicios-de-laboratorio\/#breadcrumb"},"inLanguage":"en-US","potentialAction":[{"@type":"ReadAction","target":["https:\/\/adq.com.co\/servicios-de-laboratorio\/"]}]},{"@type":"ImageObject","inLanguage":"en-US","@id":"https:\/\/adq.com.co\/servicios-de-laboratorio\/#primaryimage","url":"https:\/\/adq.com.co\/wp-content\/uploads\/2025\/05\/ChatGPT-Image-6-may-2025-08_58_05-a.m.png","contentUrl":"https:\/\/adq.com.co\/wp-content\/uploads\/2025\/05\/ChatGPT-Image-6-may-2025-08_58_05-a.m.png"},{"@type":"BreadcrumbList","@id":"https:\/\/adq.com.co\/servicios-de-laboratorio\/#breadcrumb","itemListElement":[{"@type":"ListItem","position":1,"name":"Portada","item":"https:\/\/adq.com.co\/"},{"@type":"ListItem","position":2,"name":"Servicios de laboratorio"}]},{"@type":"WebSite","@id":"https:\/\/adq.com.co\/#website","url":"https:\/\/adq.com.co\/","name":"Adq","description":"Recubrimientos t\u00e9cnicos, morteros y soluciones qu\u00edmicas para la construcci\u00f3n e infraestructura.","publisher":{"@id":"https:\/\/adq.com.co\/#organization"},"potentialAction":[{"@type":"SearchAction","target":{"@type":"EntryPoint","urlTemplate":"https:\/\/adq.com.co\/?s={search_term_string}"},"query-input":{"@type":"PropertyValueSpecification","valueRequired":true,"valueName":"search_term_string"}}],"inLanguage":"en-US"},{"@type":"Organization","@id":"https:\/\/adq.com.co\/#organization","name":"Adq","url":"https:\/\/adq.com.co\/","logo":{"@type":"ImageObject","inLanguage":"en-US","@id":"https:\/\/adq.com.co\/#\/schema\/logo\/image\/","url":"https:\/\/adq.com.co\/wp-content\/uploads\/2025\/04\/cropped-Logo-ADQ.jpg","contentUrl":"https:\/\/adq.com.co\/wp-content\/uploads\/2025\/04\/cropped-Logo-ADQ.jpg","width":198,"height":89,"caption":"Adq"},"image":{"@id":"https:\/\/adq.com.co\/#\/schema\/logo\/image\/"}}]}},"_links":{"self":[{"href":"https:\/\/adq.com.co\/en\/wp-json\/wp\/v2\/pages\/1391","targetHints":{"allow":["GET"]}}],"collection":[{"href":"https:\/\/adq.com.co\/en\/wp-json\/wp\/v2\/pages"}],"about":[{"href":"https:\/\/adq.com.co\/en\/wp-json\/wp\/v2\/types\/page"}],"author":[{"embeddable":true,"href":"https:\/\/adq.com.co\/en\/wp-json\/wp\/v2\/users\/1"}],"replies":[{"embeddable":true,"href":"https:\/\/adq.com.co\/en\/wp-json\/wp\/v2\/comments?post=1391"}],"version-history":[{"count":2,"href":"https:\/\/adq.com.co\/en\/wp-json\/wp\/v2\/pages\/1391\/revisions"}],"predecessor-version":[{"id":1423,"href":"https:\/\/adq.com.co\/en\/wp-json\/wp\/v2\/pages\/1391\/revisions\/1423"}],"wp:attachment":[{"href":"https:\/\/adq.com.co\/en\/wp-json\/wp\/v2\/media?parent=1391"}],"curies":[{"name":"wp","href":"https:\/\/api.w.org\/{rel}","templated":true}]}}